{"id":1976,"date":"2024-11-05T18:32:17","date_gmt":"2024-11-05T18:32:17","guid":{"rendered":"https:\/\/pureliving-online.de\/instrucciones-de-montaje-del-arbol-de-navidad\/"},"modified":"2024-11-20T19:11:53","modified_gmt":"2024-11-20T19:11:53","slug":"instrucciones-de-montaje-del-arbol-de-navidad","status":"publish","type":"page","link":"https:\/\/pureliving-online.de\/es\/instrucciones-de-montaje-del-arbol-de-navidad\/","title":{"rendered":"Instrucciones de montaje del \u00e1rbol de Navidad"},"content":{"rendered":"<p>[et_pb_section fb_built=\u00bb1&#8243; _builder_version=\u00bb4.27.3&#8243; _module_preset=\u00bbdefault\u00bb locked=\u00bboff\u00bb global_colors_info=\u00bb{}\u00bb][et_pb_row _builder_version=\u00bb4.27.3&#8243; _module_preset=\u00bbdefault\u00bb custom_margin=\u00bb||||false|false\u00bb custom_padding=\u00bb0px||0px|||\u00bb global_colors_info=\u00bb{}\u00bb][et_pb_column type=\u00bb4_4&#8243; _builder_version=\u00bb4.27.2&#8243; _module_preset=\u00bbdefault\u00bb global_colors_info=\u00bb{}\u00bb][et_pb_text admin_label=\u00bbText\u00bb _builder_version=\u00bb4.27.3&#8243; _module_preset=\u00bbdefault\u00bb custom_margin=\u00bb||||false|false\u00bb global_colors_info=\u00bb{}\u00bb]<\/p>\n<h1>Instrucciones de montaje del \u00e1rbol de Navidad<\/h1>\n<p>Bitte Sprach w\u00e4hlen \/ Por favor, elige tu idioma<\/p>\n<div class=\"et_pb_module et_pb_text et_pb_text_3  et_pb_text_align_left et_pb_bg_layout_light\">\n<div class=\"et_pb_text_inner\">\n<div id=\"top-row\" class=\"style-scope ytd-watch-metadata\">\n<div\n\t class=\"wpml-ls-statics-shortcode_actions wpml-ls wpml-ls-legacy-dropdown js-wpml-ls-legacy-dropdown\">\n\t<ul role=\"menu\">\n\n\t\t<li role=\"none\" tabindex=\"0\" class=\"wpml-ls-slot-shortcode_actions wpml-ls-item wpml-ls-item-es wpml-ls-current-language wpml-ls-item-legacy-dropdown\">\n\t\t\t<a href=\"#\" class=\"js-wpml-ls-item-toggle wpml-ls-item-toggle\" role=\"menuitem\" title=\"Cambiar a Espa\u00f1ol(Espa\u00f1ol)\">\n                                                    <img decoding=\"async\"\n            class=\"wpml-ls-flag\"\n            src=\"https:\/\/pureliving-online.de\/wp-content\/plugins\/sitepress-multilingual-cms\/res\/flags\/es.svg\"\n            alt=\"\"\n            width=18\n            height=12\n    \/><span class=\"wpml-ls-native\" role=\"menuitem\">Espa\u00f1ol<\/span><\/a>\n\n\t\t\t<ul class=\"wpml-ls-sub-menu\" role=\"menu\">\n\t\t\t\t\n\t\t\t\t\t<li class=\"wpml-ls-slot-shortcode_actions wpml-ls-item wpml-ls-item-en wpml-ls-first-item\" role=\"none\">\n\t\t\t\t\t\t<a href=\"https:\/\/pureliving-online.de\/en\/\" class=\"wpml-ls-link\" role=\"menuitem\" aria-label=\"Cambiar a Ingl\u00e9s(English)\" title=\"Cambiar a Ingl\u00e9s(English)\">\n                                                                <img decoding=\"async\"\n            class=\"wpml-ls-flag\"\n            src=\"https:\/\/pureliving-online.de\/wp-content\/plugins\/sitepress-multilingual-cms\/res\/flags\/en.svg\"\n            alt=\"\"\n            width=18\n            height=12\n    \/><span class=\"wpml-ls-native\" lang=\"en\">English<\/span><span class=\"wpml-ls-display\"><span class=\"wpml-ls-bracket\"> (<\/span>Ingl\u00e9s<span class=\"wpml-ls-bracket\">)<\/span><\/span><\/a>\n\t\t\t\t\t<\/li>\n\n\t\t\t\t\n\t\t\t\t\t<li class=\"wpml-ls-slot-shortcode_actions wpml-ls-item wpml-ls-item-fr\" role=\"none\">\n\t\t\t\t\t\t<a href=\"https:\/\/pureliving-online.de\/fr\/\" class=\"wpml-ls-link\" role=\"menuitem\" aria-label=\"Cambiar a Franc\u00e9s(Fran\u00e7ais)\" title=\"Cambiar a Franc\u00e9s(Fran\u00e7ais)\">\n                                                                <img decoding=\"async\"\n            class=\"wpml-ls-flag\"\n            src=\"https:\/\/pureliving-online.de\/wp-content\/plugins\/sitepress-multilingual-cms\/res\/flags\/fr.svg\"\n            alt=\"\"\n            width=18\n            height=12\n    \/><span class=\"wpml-ls-native\" lang=\"fr\">Fran\u00e7ais<\/span><span class=\"wpml-ls-display\"><span class=\"wpml-ls-bracket\"> (<\/span>Franc\u00e9s<span class=\"wpml-ls-bracket\">)<\/span><\/span><\/a>\n\t\t\t\t\t<\/li>\n\n\t\t\t\t\n\t\t\t\t\t<li class=\"wpml-ls-slot-shortcode_actions wpml-ls-item wpml-ls-item-de\" role=\"none\">\n\t\t\t\t\t\t<a href=\"https:\/\/pureliving-online.de\/\" class=\"wpml-ls-link\" role=\"menuitem\" aria-label=\"Cambiar a Alem\u00e1n(Deutsch)\" title=\"Cambiar a Alem\u00e1n(Deutsch)\">\n                                                                <img decoding=\"async\"\n            class=\"wpml-ls-flag\"\n            src=\"https:\/\/pureliving-online.de\/wp-content\/plugins\/sitepress-multilingual-cms\/res\/flags\/de.svg\"\n            alt=\"\"\n            width=18\n            height=12\n    \/><span class=\"wpml-ls-native\" lang=\"de\">Deutsch<\/span><span class=\"wpml-ls-display\"><span class=\"wpml-ls-bracket\"> (<\/span>Alem\u00e1n<span class=\"wpml-ls-bracket\">)<\/span><\/span><\/a>\n\t\t\t\t\t<\/li>\n\n\t\t\t\t\n\t\t\t\t\t<li class=\"wpml-ls-slot-shortcode_actions wpml-ls-item wpml-ls-item-it wpml-ls-last-item\" role=\"none\">\n\t\t\t\t\t\t<a href=\"https:\/\/pureliving-online.de\/it\/\" class=\"wpml-ls-link\" role=\"menuitem\" aria-label=\"Cambiar a Italiano(Italiano)\" title=\"Cambiar a Italiano(Italiano)\">\n                                                                <img decoding=\"async\"\n            class=\"wpml-ls-flag\"\n            src=\"https:\/\/pureliving-online.de\/wp-content\/plugins\/sitepress-multilingual-cms\/res\/flags\/it.svg\"\n            alt=\"\"\n            width=18\n            height=12\n    \/><span class=\"wpml-ls-native\" lang=\"it\">Italiano<\/span><\/a>\n\t\t\t\t\t<\/li>\n\n\t\t\t\t\t\t\t<\/ul>\n\n\t\t<\/li>\n\n\t<\/ul>\n<\/div>\n<\/div>\n<div class=\"style-scope ytd-watch-metadata\"><\/div>\n<\/div>\n<\/div>\n<p>[\/et_pb_text][\/et_pb_column][\/et_pb_row][et_pb_row _builder_version=\u00bb4.27.3&#8243; _module_preset=\u00bbdefault\u00bb custom_margin=\u00bb50px||||false|false\u00bb custom_padding=\u00bb0px||0px|||\u00bb global_colors_info=\u00bb{}\u00bb][et_pb_column type=\u00bb4_4&#8243; _builder_version=\u00bb4.27.2&#8243; _module_preset=\u00bbdefault\u00bb global_colors_info=\u00bb{}\u00bb][et_pb_text admin_label=\u00bbText\u00bb _builder_version=\u00bb4.27.3&#8243; _module_preset=\u00bbdefault\u00bb custom_margin=\u00bb||||false|false\u00bb global_colors_info=\u00bb{}\u00bb]<\/p>\n<h2>El \u00e1rbol de Navidad perfecto en 5 sencillos pasos \u2013 Instrucciones de montaje Pure Living<\/h2>\n<p>[\/et_pb_text][\/et_pb_column][\/et_pb_row][et_pb_row admin_label=\u00bbRow\u00bb _builder_version=\u00bb4.27.3&#8243; _module_preset=\u00bbdefault\u00bb custom_padding=\u00bb0px|||||\u00bb global_colors_info=\u00bb{}\u00bb][et_pb_column type=\u00bb4_4&#8243; _builder_version=\u00bb4.27.3&#8243; _module_preset=\u00bbdefault\u00bb global_colors_info=\u00bb{}\u00bb][et_pb_image src=\u00bbhttps:\/\/pureliving-online.de\/wp-content\/uploads\/2024\/11\/Christmas-Trees-220m-A03.jpg\u00bb title_text=\u00bbChristmas Trees &#8211; 2,20m &#8211; A+03&#8243; module_class=\u00bbaufbauanleitung-desktop\u00bb _builder_version=\u00bb4.27.3&#8243; _module_preset=\u00bbdefault\u00bb custom_margin=\u00bb||||false|false\u00bb custom_padding=\u00bb3px||0px|||\u00bb global_colors_info=\u00bb{}\u00bb][\/et_pb_image][et_pb_image src=\u00bbhttps:\/\/pureliving-online.de\/wp-content\/uploads\/2024\/11\/Christmas-Trees-220m-A03-M.jpg\u00bb title_text=\u00bbChristmas Trees &#8211; 2,20m &#8211; A+03 M\u00bb module_class=\u00bbaufbauanleitung-mobile\u00bb _builder_version=\u00bb4.27.3&#8243; _module_preset=\u00bbdefault\u00bb custom_margin=\u00bb||||false|false\u00bb custom_padding=\u00bb3px||0px|||\u00bb global_colors_info=\u00bb{}\u00bb][\/et_pb_image][\/et_pb_column][\/et_pb_row][et_pb_row column_structure=\u00bb1_2,1_2&#8243; admin_label=\u00bbRow\u00bb _builder_version=\u00bb4.27.3&#8243; _module_preset=\u00bbdefault\u00bb custom_margin=\u00bb|auto||auto|false|false\u00bb global_colors_info=\u00bb{}\u00bb][et_pb_column type=\u00bb1_2&#8243; module_class=\u00bbaufbauanleitung-tree-container\u00bb _builder_version=\u00bb4.27.2&#8243; _module_preset=\u00bbdefault\u00bb global_colors_info=\u00bb{}\u00bb][et_pb_text module_class=\u00bbaufbauanleitung-tree-title\u00bb _builder_version=\u00bb4.27.3&#8243; _module_preset=\u00bbdefault\u00bb global_colors_info=\u00bb{}\u00bb]<\/p>\n<h2>\u00c1rbol de Navidad Premium<\/h2>\n<p>&nbsp;<\/p>\n<p>[\/et_pb_text][et_pb_video src=\u00bbhttps:\/\/www.youtube.com\/watch?v=p5gXMiJwUu0&#038;feature=youtu.be\u00bb module_class=\u00bbaufbauanleitung-tree-video\u00bb _builder_version=\u00bb4.27.3&#8243; _module_preset=\u00bbdefault\u00bb global_colors_info=\u00bb{}\u00bb][\/et_pb_video][\/et_pb_column][et_pb_column type=\u00bb1_2&#8243; module_class=\u00bbaufbauanleitung-tree-container \u00bb _builder_version=\u00bb4.27.2&#8243; _module_preset=\u00bbdefault\u00bb global_colors_info=\u00bb{}\u00bb][et_pb_text module_class=\u00bbaufbauanleitung-tree-title\u00bb _builder_version=\u00bb4.27.3&#8243; _module_preset=\u00bbdefault\u00bb global_colors_info=\u00bb{}\u00bb]<\/p>\n<h2>\u00c1rbol de Navidad fabricado 100% por inyecci\u00f3n<\/h2>\n<p>[\/et_pb_text][et_pb_video src=\u00bbhttps:\/\/youtu.be\/tG7F_1xg0f8&#8243; module_class=\u00bbaufbauanleitung-tree-video\u00bb _builder_version=\u00bb4.27.3&#8243; _module_preset=\u00bbdefault\u00bb global_colors_info=\u00bb{}\u00bb][\/et_pb_video][\/et_pb_column][\/et_pb_row][et_pb_row admin_label=\u00bbRow\u00bb _builder_version=\u00bb4.27.3&#8243; _module_preset=\u00bbdefault\u00bb global_colors_info=\u00bb{}\u00bb][et_pb_column type=\u00bb4_4&#8243; _builder_version=\u00bb4.27.3&#8243; _module_preset=\u00bbdefault\u00bb global_colors_info=\u00bb{}\u00bb][et_pb_image src=\u00bbhttps:\/\/pureliving-online.de\/wp-content\/uploads\/2024\/11\/Christmas-Trees-220m-A01.jpg\u00bb title_text=\u00bbChristmas Trees &#8211; 2,20m &#8211; A+01&#8243; admin_label=\u00bbImage\u00bb module_class=\u00bbaufbauanleitung-desktop\u00bb _builder_version=\u00bb4.27.3&#8243; _module_preset=\u00bbdefault\u00bb custom_margin=\u00bb||||false|false\u00bb custom_padding=\u00bb3px||0px|||\u00bb global_colors_info=\u00bb{}\u00bb][\/et_pb_image][et_pb_image src=\u00bbhttps:\/\/pureliving-online.de\/wp-content\/uploads\/2024\/11\/Christmas-Trees-220m-A02-1.jpg\u00bb title_text=\u00bbChristmas Trees &#8211; 2,20m &#8211; A+02 (1)\u00bb admin_label=\u00bbImage\u00bb module_class=\u00bbaufbauanleitung-desktop\u00bb _builder_version=\u00bb4.27.3&#8243; _module_preset=\u00bbdefault\u00bb custom_margin=\u00bb-38px||||false|false\u00bb custom_padding=\u00bb3px||0px|||\u00bb hover_enabled=\u00bb0&#8243; global_colors_info=\u00bb{}\u00bb sticky_enabled=\u00bb0&#8243;][\/et_pb_image][et_pb_image src=\u00bbhttps:\/\/pureliving-online.de\/wp-content\/uploads\/2024\/11\/Christmas-Trees-220m-A01-M.jpg\u00bb title_text=\u00bbChristmas Trees &#8211; 2,20m &#8211; A+01 M\u00bb module_class=\u00bbaufbauanleitung-mobile\u00bb _builder_version=\u00bb4.27.3&#8243; _module_preset=\u00bbdefault\u00bb custom_margin=\u00bb||||false|false\u00bb custom_padding=\u00bb3px||0px|||\u00bb global_colors_info=\u00bb{}\u00bb][\/et_pb_image][et_pb_image src=\u00bbhttps:\/\/pureliving-online.de\/wp-content\/uploads\/2024\/11\/Christmas-Trees-220m-A02-M.jpg\u00bb title_text=\u00bbChristmas Trees &#8211; 2,20m &#8211; A+02 M\u00bb module_class=\u00bbaufbauanleitung-mobile\u00bb _builder_version=\u00bb4.27.3&#8243; _module_preset=\u00bbdefault\u00bb custom_margin=\u00bb-33px||||false|false\u00bb custom_padding=\u00bb0px||0px|||\u00bb hover_enabled=\u00bb0&#8243; global_colors_info=\u00bb{}\u00bb sticky_enabled=\u00bb0&#8243;][\/et_pb_image][\/et_pb_column][\/et_pb_row][\/et_pb_section]<\/p>\n","protected":false},"excerpt":{"rendered":"<p>Instrucciones de montaje del \u00e1rbol de Navidad Bitte Sprach w\u00e4hlen \/ Por favor, elige tu idioma \n<div\n\t class=\"wpml-ls-statics-shortcode_actions wpml-ls wpml-ls-legacy-dropdown js-wpml-ls-legacy-dropdown\">\n\t<ul role=\"menu\">\n\n\t\t<li role=\"none\" tabindex=\"0\" class=\"wpml-ls-slot-shortcode_actions wpml-ls-item wpml-ls-item-es wpml-ls-current-language wpml-ls-item-legacy-dropdown\">\n\t\t\t<a href=\"#\" class=\"js-wpml-ls-item-toggle wpml-ls-item-toggle\" role=\"menuitem\" title=\"Cambiar a Espa\u00f1ol(Espa\u00f1ol)\">\n                                                    <img decoding=\"async\"\n            class=\"wpml-ls-flag\"\n            src=\"https:\/\/pureliving-online.de\/wp-content\/plugins\/sitepress-multilingual-cms\/res\/flags\/es.svg\"\n            alt=\"\"\n            width=18\n            height=12\n    \/><span class=\"wpml-ls-native\" role=\"menuitem\">Espa\u00f1ol<\/span><\/a>\n\n\t\t\t<ul class=\"wpml-ls-sub-menu\" role=\"menu\">\n\t\t\t\t\n\t\t\t\t\t<li class=\"wpml-ls-slot-shortcode_actions wpml-ls-item wpml-ls-item-en wpml-ls-first-item\" role=\"none\">\n\t\t\t\t\t\t<a href=\"https:\/\/pureliving-online.de\/en\/\" class=\"wpml-ls-link\" role=\"menuitem\" aria-label=\"Cambiar a Ingl\u00e9s(English)\" title=\"Cambiar a Ingl\u00e9s(English)\">\n                                                                <img decoding=\"async\"\n            class=\"wpml-ls-flag\"\n            src=\"https:\/\/pureliving-online.de\/wp-content\/plugins\/sitepress-multilingual-cms\/res\/flags\/en.svg\"\n            alt=\"\"\n            width=18\n            height=12\n    \/><span class=\"wpml-ls-native\" lang=\"en\">English<\/span><span class=\"wpml-ls-display\"><span class=\"wpml-ls-bracket\"> (<\/span>Ingl\u00e9s<span class=\"wpml-ls-bracket\">)<\/span><\/span><\/a>\n\t\t\t\t\t<\/li>\n\n\t\t\t\t\n\t\t\t\t\t<li class=\"wpml-ls-slot-shortcode_actions wpml-ls-item wpml-ls-item-fr\" role=\"none\">\n\t\t\t\t\t\t<a href=\"https:\/\/pureliving-online.de\/fr\/\" class=\"wpml-ls-link\" role=\"menuitem\" aria-label=\"Cambiar a Franc\u00e9s(Fran\u00e7ais)\" title=\"Cambiar a Franc\u00e9s(Fran\u00e7ais)\">\n                                                                <img decoding=\"async\"\n            class=\"wpml-ls-flag\"\n            src=\"https:\/\/pureliving-online.de\/wp-content\/plugins\/sitepress-multilingual-cms\/res\/flags\/fr.svg\"\n            alt=\"\"\n            width=18\n            height=12\n    \/><span class=\"wpml-ls-native\" lang=\"fr\">Fran\u00e7ais<\/span><span class=\"wpml-ls-display\"><span class=\"wpml-ls-bracket\"> (<\/span>Franc\u00e9s<span class=\"wpml-ls-bracket\">)<\/span><\/span><\/a>\n\t\t\t\t\t<\/li>\n\n\t\t\t\t\n\t\t\t\t\t<li class=\"wpml-ls-slot-shortcode_actions wpml-ls-item wpml-ls-item-de\" role=\"none\">\n\t\t\t\t\t\t<a href=\"https:\/\/pureliving-online.de\/\" class=\"wpml-ls-link\" role=\"menuitem\" aria-label=\"Cambiar a Alem\u00e1n(Deutsch)\" title=\"Cambiar a Alem\u00e1n(Deutsch)\">\n                                                                <img decoding=\"async\"\n            class=\"wpml-ls-flag\"\n            src=\"https:\/\/pureliving-online.de\/wp-content\/plugins\/sitepress-multilingual-cms\/res\/flags\/de.svg\"\n            alt=\"\"\n            width=18\n            height=12\n    \/><span class=\"wpml-ls-native\" lang=\"de\">Deutsch<\/span><span class=\"wpml-ls-display\"><span class=\"wpml-ls-bracket\"> (<\/span>Alem\u00e1n<span class=\"wpml-ls-bracket\">)<\/span><\/span><\/a>\n\t\t\t\t\t<\/li>\n\n\t\t\t\t\n\t\t\t\t\t<li class=\"wpml-ls-slot-shortcode_actions wpml-ls-item wpml-ls-item-it wpml-ls-last-item\" role=\"none\">\n\t\t\t\t\t\t<a href=\"https:\/\/pureliving-online.de\/it\/\" class=\"wpml-ls-link\" role=\"menuitem\" aria-label=\"Cambiar a Italiano(Italiano)\" title=\"Cambiar a Italiano(Italiano)\">\n                                                                <img decoding=\"async\"\n            class=\"wpml-ls-flag\"\n            src=\"https:\/\/pureliving-online.de\/wp-content\/plugins\/sitepress-multilingual-cms\/res\/flags\/it.svg\"\n            alt=\"\"\n            width=18\n            height=12\n    \/><span class=\"wpml-ls-native\" lang=\"it\">Italiano<\/span><\/a>\n\t\t\t\t\t<\/li>\n\n\t\t\t\t\t\t\t<\/ul>\n\n\t\t<\/li>\n\n\t<\/ul>\n<\/div>\n El \u00e1rbol de Navidad perfecto en 5 sencillos pasos \u2013 Instrucciones de montaje Pure Living\u00c1rbol de Navidad Premium &nbsp;\u00c1rbol de Navidad fabricado 100% por inyecci\u00f3n<\/p>\n","protected":false},"author":2,"featured_media":0,"parent":0,"menu_order":0,"comment_status":"closed","ping_status":"closed","template":"","meta":{"_acf_changed":false,"_et_pb_use_builder":"on","_et_pb_old_content":"","_et_gb_content_width":"","footnotes":""},"class_list":["post-1976","page","type-page","status-publish","hentry"],"acf":[],"yoast_head":"<!-- This site is optimized with the Yoast SEO plugin v27.3 - https:\/\/yoast.com\/product\/yoast-seo-wordpress\/ -->\n<title>Instrucciones de montaje del \u00e1rbol de Navidad - Pure Living<\/title>\n<meta name=\"robots\" content=\"index, follow, max-snippet:-1, max-image-preview:large, max-video-preview:-1\" \/>\n<link rel=\"canonical\" href=\"https:\/\/pureliving-online.de\/weihnachtsbaum-aufbauanleitung\/\" \/>\n<meta property=\"og:locale\" content=\"es_ES\" \/>\n<meta property=\"og:type\" content=\"article\" \/>\n<meta property=\"og:title\" content=\"Instrucciones de montaje del \u00e1rbol de Navidad - Pure Living\" \/>\n<meta property=\"og:description\" content=\"Instrucciones de montaje del \u00e1rbol de Navidad Bitte Sprach w\u00e4hlen \/ Por favor, elige tu idioma El \u00e1rbol de Navidad perfecto en 5 sencillos pasos \u2013 Instrucciones de montaje Pure Living\u00c1rbol de Navidad Premium &nbsp;\u00c1rbol de Navidad fabricado 100% por inyecci\u00f3n\" \/>\n<meta property=\"og:url\" content=\"https:\/\/pureliving-online.de\/weihnachtsbaum-aufbauanleitung\/\" \/>\n<meta property=\"og:site_name\" content=\"Pure Living\" \/>\n<meta property=\"article:modified_time\" content=\"2024-11-20T19:11:53+00:00\" \/>\n<meta name=\"twitter:card\" content=\"summary_large_image\" \/>\n<meta name=\"twitter:label1\" content=\"Tiempo de lectura\" \/>\n\t<meta name=\"twitter:data1\" content=\"3 minutos\" \/>\n<script type=\"application\/ld+json\" class=\"yoast-schema-graph\">{\"@context\":\"https:\\\/\\\/schema.org\",\"@graph\":[{\"@type\":\"WebPage\",\"@id\":\"https:\\\/\\\/pureliving-online.de\\\/weihnachtsbaum-aufbauanleitung\\\/\",\"url\":\"https:\\\/\\\/pureliving-online.de\\\/weihnachtsbaum-aufbauanleitung\\\/\",\"name\":\"Instrucciones de montaje del \u00e1rbol de Navidad - Pure Living\",\"isPartOf\":{\"@id\":\"https:\\\/\\\/pureliving-online.de\\\/#website\"},\"datePublished\":\"2024-11-05T18:32:17+00:00\",\"dateModified\":\"2024-11-20T19:11:53+00:00\",\"breadcrumb\":{\"@id\":\"https:\\\/\\\/pureliving-online.de\\\/weihnachtsbaum-aufbauanleitung\\\/#breadcrumb\"},\"inLanguage\":\"es\",\"potentialAction\":[{\"@type\":\"ReadAction\",\"target\":[\"https:\\\/\\\/pureliving-online.de\\\/weihnachtsbaum-aufbauanleitung\\\/\"]}]},{\"@type\":\"BreadcrumbList\",\"@id\":\"https:\\\/\\\/pureliving-online.de\\\/weihnachtsbaum-aufbauanleitung\\\/#breadcrumb\",\"itemListElement\":[{\"@type\":\"ListItem\",\"position\":1,\"name\":\"Startseite\",\"item\":\"https:\\\/\\\/pureliving-online.de\\\/es\\\/comienza\\\/\"},{\"@type\":\"ListItem\",\"position\":2,\"name\":\"Instrucciones de montaje del \u00e1rbol de Navidad\"}]},{\"@type\":\"WebSite\",\"@id\":\"https:\\\/\\\/pureliving-online.de\\\/#website\",\"url\":\"https:\\\/\\\/pureliving-online.de\\\/\",\"name\":\"Pure Living\",\"description\":\"Interior Design \",\"potentialAction\":[{\"@type\":\"SearchAction\",\"target\":{\"@type\":\"EntryPoint\",\"urlTemplate\":\"https:\\\/\\\/pureliving-online.de\\\/?s={search_term_string}\"},\"query-input\":{\"@type\":\"PropertyValueSpecification\",\"valueRequired\":true,\"valueName\":\"search_term_string\"}}],\"inLanguage\":\"es\"}]}<\/script>\n<!-- \/ Yoast SEO plugin. -->","yoast_head_json":{"title":"Instrucciones de montaje del \u00e1rbol de Navidad - Pure Living","robots":{"index":"index","follow":"follow","max-snippet":"max-snippet:-1","max-image-preview":"max-image-preview:large","max-video-preview":"max-video-preview:-1"},"canonical":"https:\/\/pureliving-online.de\/weihnachtsbaum-aufbauanleitung\/","og_locale":"es_ES","og_type":"article","og_title":"Instrucciones de montaje del \u00e1rbol de Navidad - Pure Living","og_description":"Instrucciones de montaje del \u00e1rbol de Navidad Bitte Sprach w\u00e4hlen \/ Por favor, elige tu idioma El \u00e1rbol de Navidad perfecto en 5 sencillos pasos \u2013 Instrucciones de montaje Pure Living\u00c1rbol de Navidad Premium &nbsp;\u00c1rbol de Navidad fabricado 100% por inyecci\u00f3n","og_url":"https:\/\/pureliving-online.de\/weihnachtsbaum-aufbauanleitung\/","og_site_name":"Pure Living","article_modified_time":"2024-11-20T19:11:53+00:00","twitter_card":"summary_large_image","twitter_misc":{"Tiempo de lectura":"3 minutos"},"schema":{"@context":"https:\/\/schema.org","@graph":[{"@type":"WebPage","@id":"https:\/\/pureliving-online.de\/weihnachtsbaum-aufbauanleitung\/","url":"https:\/\/pureliving-online.de\/weihnachtsbaum-aufbauanleitung\/","name":"Instrucciones de montaje del \u00e1rbol de Navidad - Pure Living","isPartOf":{"@id":"https:\/\/pureliving-online.de\/#website"},"datePublished":"2024-11-05T18:32:17+00:00","dateModified":"2024-11-20T19:11:53+00:00","breadcrumb":{"@id":"https:\/\/pureliving-online.de\/weihnachtsbaum-aufbauanleitung\/#breadcrumb"},"inLanguage":"es","potentialAction":[{"@type":"ReadAction","target":["https:\/\/pureliving-online.de\/weihnachtsbaum-aufbauanleitung\/"]}]},{"@type":"BreadcrumbList","@id":"https:\/\/pureliving-online.de\/weihnachtsbaum-aufbauanleitung\/#breadcrumb","itemListElement":[{"@type":"ListItem","position":1,"name":"Startseite","item":"https:\/\/pureliving-online.de\/es\/comienza\/"},{"@type":"ListItem","position":2,"name":"Instrucciones de montaje del \u00e1rbol de Navidad"}]},{"@type":"WebSite","@id":"https:\/\/pureliving-online.de\/#website","url":"https:\/\/pureliving-online.de\/","name":"Pure Living","description":"Interior Design ","potentialAction":[{"@type":"SearchAction","target":{"@type":"EntryPoint","urlTemplate":"https:\/\/pureliving-online.de\/?s={search_term_string}"},"query-input":{"@type":"PropertyValueSpecification","valueRequired":true,"valueName":"search_term_string"}}],"inLanguage":"es"}]}},"_links":{"self":[{"href":"https:\/\/pureliving-online.de\/es\/wp-json\/wp\/v2\/pages\/1976","targetHints":{"allow":["GET"]}}],"collection":[{"href":"https:\/\/pureliving-online.de\/es\/wp-json\/wp\/v2\/pages"}],"about":[{"href":"https:\/\/pureliving-online.de\/es\/wp-json\/wp\/v2\/types\/page"}],"author":[{"embeddable":true,"href":"https:\/\/pureliving-online.de\/es\/wp-json\/wp\/v2\/users\/2"}],"replies":[{"embeddable":true,"href":"https:\/\/pureliving-online.de\/es\/wp-json\/wp\/v2\/comments?post=1976"}],"version-history":[{"count":6,"href":"https:\/\/pureliving-online.de\/es\/wp-json\/wp\/v2\/pages\/1976\/revisions"}],"predecessor-version":[{"id":2157,"href":"https:\/\/pureliving-online.de\/es\/wp-json\/wp\/v2\/pages\/1976\/revisions\/2157"}],"wp:attachment":[{"href":"https:\/\/pureliving-online.de\/es\/wp-json\/wp\/v2\/media?parent=1976"}],"curies":[{"name":"wp","href":"https:\/\/api.w.org\/{rel}","templated":true}]}}