{"id":2165,"date":"2024-06-25T11:51:58","date_gmt":"2024-06-25T11:51:58","guid":{"rendered":"https:\/\/pureliving-online.de\/contacto-arbol-de-navidad\/"},"modified":"2025-01-24T14:18:19","modified_gmt":"2025-01-24T14:18:19","slug":"contacto-arbol-de-navidad","status":"publish","type":"page","link":"https:\/\/pureliving-online.de\/es\/contacto-arbol-de-navidad\/","title":{"rendered":"Contacto \u00c1rbol de Navidad"},"content":{"rendered":"<p>[et_pb_section fb_built=\u00bb1&#8243; admin_label=\u00bbSektion\u00bb _builder_version=\u00bb4.27.2&#8243; _module_preset=\u00bbdefault\u00bb global_colors_info=\u00bb{}\u00bb][et_pb_row _builder_version=\u00bb4.27.2&#8243; _module_preset=\u00bbdefault\u00bb global_colors_info=\u00bb{}\u00bb][et_pb_column type=\u00bb4_4&#8243; _builder_version=\u00bb4.27.2&#8243; _module_preset=\u00bbdefault\u00bb global_colors_info=\u00bb{}\u00bb][et_pb_text _builder_version=\u00bb4.27.2&#8243; _module_preset=\u00bbdefault\u00bb global_colors_info=\u00bb{}\u00bb]<\/p>\n<h1><strong>\u00a1Prometemos ayudarte!<\/strong><\/h1>\n<p>Nuestro equipo de atenci\u00f3n al cliente est\u00e1 preparado para ayudarte de forma r\u00e1pida y sencilla. Utiliza una de las opciones de contacto que aparecen a continuaci\u00f3n. Tramitaremos tu solicitud lo antes posible.<\/p>\n<p>&nbsp;<\/p>\n<h2>\u00bfDe qu\u00e9 se trata?<\/h2>\n<p>[\/et_pb_text][\/et_pb_column][\/et_pb_row][et_pb_row column_structure=\u00bb1_3,1_3,1_3&#8243; module_id=\u00bbkontakt-options\u00bb _builder_version=\u00bb4.27.2&#8243; _module_preset=\u00bbdefault\u00bb min_height=\u00bb9px\u00bb custom_padding=\u00bb2px|||||\u00bb global_colors_info=\u00bb{}\u00bb][et_pb_column type=\u00bb1_3&#8243; _builder_version=\u00bb4.27.2&#8243; _module_preset=\u00bbdefault\u00bb global_colors_info=\u00bb{}\u00bb][et_pb_button button_url=\u00bb#weihnachtsbaume\u00bb button_text=\u00bb\u00c1rboles de Navidad\u00bb _builder_version=\u00bb4.27.2&#8243; _module_preset=\u00bbdefault\u00bb global_colors_info=\u00bb{}\u00bb][\/et_pb_button][\/et_pb_column][et_pb_column type=\u00bb1_3&#8243; _builder_version=\u00bb4.27.2&#8243; _module_preset=\u00bbdefault\u00bb global_colors_info=\u00bb{}\u00bb][et_pb_button button_url=\u00bbhttps:\/\/pureliving-online.de\/kontakt-geschirr\/\u00bb button_text=\u00bbVajilla\u00bb _builder_version=\u00bb4.27.2&#8243; _module_preset=\u00bbdefault\u00bb global_colors_info=\u00bb{}\u00bb][\/et_pb_button][\/et_pb_column][et_pb_column type=\u00bb1_3&#8243; _builder_version=\u00bb4.27.2&#8243; _module_preset=\u00bbdefault\u00bb global_colors_info=\u00bb{}\u00bb][et_pb_button button_url=\u00bbhttps:\/\/pureliving-online.de\/kontakt\/\u00bb button_text=\u00bbOtros  \u00bb _builder_version=\u00bb4.27.2&#8243; _module_preset=\u00bbdefault\u00bb global_colors_info=\u00bb{}\u00bb][\/et_pb_button][\/et_pb_column][\/et_pb_row][\/et_pb_section][et_pb_section fb_built=\u00bb1&#8243; admin_label=\u00bbSektion\u00bb _builder_version=\u00bb4.24.2&#8243; _module_preset=\u00bbdefault\u00bb background_color=\u00bb#f7f7f9&#8243; global_colors_info=\u00bb{}\u00bb][et_pb_row _builder_version=\u00bb4.27.0&#8243; _module_preset=\u00bbdefault\u00bb global_colors_info=\u00bb{}\u00bb][et_pb_column type=\u00bb4_4&#8243; admin_label=\u00bbColumna\u00bb _builder_version=\u00bb4.24.2&#8243; _module_preset=\u00bbdefault\u00bb global_colors_info=\u00bb{}\u00bb][et_pb_text _builder_version=\u00bb4.27.2&#8243; _module_preset=\u00bbdefault\u00bb global_colors_info=\u00bb{}\u00bb]<\/p>\n<h2>Tambi\u00e9n puedes ponerte en contacto con nosotros de la siguiente manera<\/h2>\n<p>Para poder ofrecerte la mejor asistencia posible, introduce tu n\u00famero de pedido, la fecha del pedido y una descripci\u00f3n de tu solicitud. <br \/>Tambi\u00e9n puedes enviar fotos \u00a1MUCHAS GRACIAS! \u00a1S\u00f3lo estamos satisfechos cuando t\u00fa lo est\u00e1s!<\/p>\n<p>[\/et_pb_text][et_pb_image src=\u00bbhttps:\/\/pureliving-online.de\/wp-content\/uploads\/2024\/06\/WA-BEMS.png\u00bb title_text=\u00bbWA BEMS\u00bb module_class=\u00bbkontakt-qrcode\u00bb _builder_version=\u00bb4.27.0&#8243; _module_preset=\u00bbdefault\u00bb locked=\u00bboff\u00bb global_colors_info=\u00bb{}\u00bb][\/et_pb_image][et_pb_image src=\u00bbhttps:\/\/pureliving-online.de\/wp-content\/uploads\/2024\/07\/WhatsAppButtonGreenLarge.png\u00bb title_text=\u00bbWhatsAppBot\u00f3nVerdeGrande\u00bb url=\u00bbhttps:\/\/wa.me\/4915733999896&#8243; module_class=\u00bbwhatsapp-btn\u00bb _builder_version=\u00bb4.27.0&#8243; _module_preset=\u00bbdefault\u00bb width=\u00bb100%\u00bb custom_margin=\u00bb|0px||0px|false|true\u00bb custom_padding=\u00bb|0px||0px|false|true\u00bb locked=\u00bboff\u00bb global_colors_info=\u00bb{}\u00bb][\/et_pb_image][et_pb_text admin_label=\u00bbText\u00bb module_id=\u00bbweihnachtsbaume\u00bb _builder_version=\u00bb4.27.2&#8243; _module_preset=\u00bbdefault\u00bb custom_padding=\u00bb15px|||||\u00bb global_colors_info=\u00bb{}\u00bb]<\/p>\n<h3><strong>\u00c1rboles de Navidad Formulario de contacto<\/strong><\/h3>\n<div class=\"forminator-ui forminator-custom-form forminator-custom-form-2174 forminator-design--default  forminator_ajax\" data-forminator-render=\"0\" data-form=\"forminator-module-2174\" data-uid=\"69d119853193a\"><br\/><\/div><form\n\t\t\t\tid=\"forminator-module-2174\"\n\t\t\t\tclass=\"forminator-ui forminator-custom-form forminator-custom-form-2174 forminator-design--default  forminator_ajax\"\n\t\t\t\tmethod=\"post\"\n\t\t\t\tdata-forminator-render=\"0\"\n\t\t\t\tdata-form-id=\"2174\"\n\t\t\t\tenctype=\"multipart\/form-data\" data-color-option=\"default\" data-design=\"default\" data-grid=\"open\" style=\"display: none;\"\n\t\t\t\tdata-uid=\"69d119853193a\"\n\t\t\t><div role=\"alert\" aria-live=\"polite\" class=\"forminator-response-message forminator-error\" aria-hidden=\"true\"><\/div><div class=\"forminator-row\"><div id=\"radio-1\" class=\"forminator-field-radio forminator-col forminator-col-12 \"><div role=\"radiogroup\" class=\"forminator-field\" aria-labelledby=\"forminator-radiogroup-radio-1-69d119853193a-label\"><span id=\"forminator-radiogroup-radio-1-69d119853193a-label\" class=\"forminator-label\">Tipo de problema <span class=\"forminator-required\">*<\/span><\/span><label id=\"forminator-field-radio-1-label-1\" for=\"forminator-field-radio-1-1-69d119853193a\" class=\"forminator-radio\" title=\"Mercanc\u00eda da\u00f1ada\"><input type=\"radio\" name=\"radio-1\" value=\"one\" id=\"forminator-field-radio-1-1-69d119853193a\" aria-labelledby=\"forminator-field-radio-1-label-1\" data-calculation=\"0\"   data-hidden-behavior=\"zero\"\/><span class=\"forminator-radio-bullet\" aria-hidden=\"true\"><\/span><span class=\"forminator-radio-label\">Mercanc\u00eda da\u00f1ada<\/span><\/label><label id=\"forminator-field-radio-1-label-2\" for=\"forminator-field-radio-1-2-69d119853193a\" class=\"forminator-radio\" title=\"Mercanc\u00eda no recibida\"><input type=\"radio\" name=\"radio-1\" value=\"two\" id=\"forminator-field-radio-1-2-69d119853193a\" aria-labelledby=\"forminator-field-radio-1-label-2\" data-calculation=\"0\"   data-hidden-behavior=\"zero\"\/><span class=\"forminator-radio-bullet\" aria-hidden=\"true\"><\/span><span class=\"forminator-radio-label\">Mercanc\u00eda no recibida<\/span><\/label><label id=\"forminator-field-radio-1-label-3\" for=\"forminator-field-radio-1-3-69d119853193a\" class=\"forminator-radio\" title=\"Piezas faltantes\"><input type=\"radio\" name=\"radio-1\" value=\"Fehlende-Teile\" id=\"forminator-field-radio-1-3-69d119853193a\" aria-labelledby=\"forminator-field-radio-1-label-3\" data-calculation=\"0\"   data-hidden-behavior=\"zero\"\/><span class=\"forminator-radio-bullet\" aria-hidden=\"true\"><\/span><span class=\"forminator-radio-label\">Piezas faltantes<\/span><\/label><label id=\"forminator-field-radio-1-label-4\" for=\"forminator-field-radio-1-4-69d119853193a\" class=\"forminator-radio\" title=\"Otro\"><input type=\"radio\" name=\"radio-1\" value=\"Andere\" id=\"forminator-field-radio-1-4-69d119853193a\" aria-labelledby=\"forminator-field-radio-1-label-4\" data-calculation=\"0\"   data-hidden-behavior=\"zero\"\/><span class=\"forminator-radio-bullet\" aria-hidden=\"true\"><\/span><span class=\"forminator-radio-label\">Otro<\/span><\/label><\/div><\/div><\/div><div class=\"forminator-row\"><div id=\"radio-2\" class=\"forminator-field-radio forminator-col forminator-col-12 \"><div role=\"radiogroup\" class=\"forminator-field\" aria-labelledby=\"forminator-radiogroup-radio-2-69d119853193a-label\"><span id=\"forminator-radiogroup-radio-2-69d119853193a-label\" class=\"forminator-label\">Soluci\u00f3n deseada <span class=\"forminator-required\">*<\/span><\/span><label id=\"forminator-field-radio-2-label-1\" for=\"forminator-field-radio-2-1-69d119853193a\" class=\"forminator-radio\" title=\"Reenv\u00edo de reemplazo\"><input type=\"radio\" name=\"radio-2\" value=\"one\" id=\"forminator-field-radio-2-1-69d119853193a\" aria-labelledby=\"forminator-field-radio-2-label-1\" data-calculation=\"0\"   data-hidden-behavior=\"zero\"\/><span class=\"forminator-radio-bullet\" aria-hidden=\"true\"><\/span><span class=\"forminator-radio-label\">Reenv\u00edo de reemplazo<\/span><\/label><label id=\"forminator-field-radio-2-label-2\" for=\"forminator-field-radio-2-2-69d119853193a\" class=\"forminator-radio\" title=\"Descuento\"><input type=\"radio\" name=\"radio-2\" value=\"two\" id=\"forminator-field-radio-2-2-69d119853193a\" aria-labelledby=\"forminator-field-radio-2-label-2\" data-calculation=\"0\"   data-hidden-behavior=\"zero\"\/><span class=\"forminator-radio-bullet\" aria-hidden=\"true\"><\/span><span class=\"forminator-radio-label\">Descuento<\/span><\/label><label id=\"forminator-field-radio-2-label-3\" for=\"forminator-field-radio-2-3-69d119853193a\" class=\"forminator-radio\" title=\"Reembolso y devoluci\u00f3n\"><input type=\"radio\" name=\"radio-2\" value=\"Fehlende-Teile\" id=\"forminator-field-radio-2-3-69d119853193a\" aria-labelledby=\"forminator-field-radio-2-label-3\" data-calculation=\"0\"   data-hidden-behavior=\"zero\"\/><span class=\"forminator-radio-bullet\" aria-hidden=\"true\"><\/span><span class=\"forminator-radio-label\">Reembolso y devoluci\u00f3n<\/span><\/label><\/div><\/div><\/div><div class=\"forminator-row\"><div id=\"name-3\" class=\"forminator-field-name forminator-col forminator-col-6 \"><div class=\"forminator-field\"><label for=\"forminator-field-name-3_69d119853193a\" id=\"forminator-field-name-3_69d119853193a-label\" class=\"forminator-label\">N\u00famero de pedido <span class=\"forminator-required\">*<\/span><\/label><input type=\"text\" name=\"name-3\" value=\"\" placeholder=\"\" id=\"forminator-field-name-3_69d119853193a\" class=\"forminator-input forminator-name--field\" aria-required=\"true\" autocomplete=\"name\" \/><\/div><\/div><div id=\"text-1\" class=\"forminator-field-text forminator-col forminator-col-6 \"><div class=\"forminator-field\"><label for=\"forminator-field-text-1_69d119853193a\" id=\"forminator-field-text-1_69d119853193a-label\" class=\"forminator-label\">Comentarios<\/label><input type=\"text\" name=\"text-1\" value=\"\" placeholder=\"\" id=\"forminator-field-text-1_69d119853193a\" class=\"forminator-input forminator-name--field\" data-required=\"\" \/><\/div><\/div><\/div><div class=\"forminator-row\"><div id=\"name-1\" class=\"forminator-field-name forminator-col forminator-col-6 \"><div class=\"forminator-field\"><label for=\"forminator-field-name-1_69d119853193a\" id=\"forminator-field-name-1_69d119853193a-label\" class=\"forminator-label\">Nombre <span class=\"forminator-required\">*<\/span><\/label><input type=\"text\" name=\"name-1\" value=\"\" placeholder=\"\" id=\"forminator-field-name-1_69d119853193a\" class=\"forminator-input forminator-name--field\" aria-required=\"true\" autocomplete=\"name\" \/><\/div><\/div><div id=\"name-2\" class=\"forminator-field-name forminator-col forminator-col-6 \"><div class=\"forminator-field\"><label for=\"forminator-field-name-2_69d119853193a\" id=\"forminator-field-name-2_69d119853193a-label\" class=\"forminator-label\">Apellido <span class=\"forminator-required\">*<\/span><\/label><input type=\"text\" name=\"name-2\" value=\"\" placeholder=\"\" id=\"forminator-field-name-2_69d119853193a\" class=\"forminator-input forminator-name--field\" aria-required=\"true\" autocomplete=\"name\" \/><\/div><\/div><\/div><div class=\"forminator-row\"><div id=\"email-1\" class=\"forminator-field-email forminator-col forminator-col-12 \"><div class=\"forminator-field\"><label for=\"forminator-field-email-1_69d119853193a\" id=\"forminator-field-email-1_69d119853193a-label\" class=\"forminator-label\">E-Mail <span class=\"forminator-required\">*<\/span><\/label><input type=\"email\" name=\"email-1\" value=\"\" placeholder=\"\" id=\"forminator-field-email-1_69d119853193a\" class=\"forminator-input forminator-email--field\" data-required=\"true\" aria-required=\"true\" autocomplete=\"email\" \/><\/div><\/div><\/div><div class=\"forminator-row\"><div id=\"upload-1\" class=\"forminator-field-upload forminator-col forminator-col-12 \"><div class=\"forminator-field\"><label for=\"forminator-field-upload-1_69d119853193a\" id=\"forminator-field-upload-1_69d119853193a-label\" class=\"forminator-label\">Fotos\/Adjuntos<\/label><div class=\"forminator-file-upload \" data-element=\"upload-1_69d119853193a\"><input type=\"file\" name=\"upload-1\" id=\"forminator-field-upload-1_69d119853193a\" class=\"forminator-input-file\" accept=\".avif,.jpg,.jpeg,.jpe,.png,.webp,.xcf,.heic,.doc,.docx,.pdf,.gif\" tabindex=\"-1\"><button id=\"forminator-field-upload-1_69d119853193a_button\" class=\"forminator-button forminator-button-upload\" data-id=\"forminator-field-upload-1_69d119853193a\">Elegir archivo<\/button><span data-empty-text=\"Ning\u00fan archivo seleccionado\">Ning\u00fan archivo seleccionado<\/span><button class=\"forminator-button-delete\" style=\"display: none;\"><i class=\"forminator-icon-close\" aria-hidden=\"true\"><\/i><span class=\"forminator-screen-reader-only\">Eliminar el archivo subido<\/span><\/button><\/div><\/div><\/div><\/div><div class=\"forminator-row\"><div id=\"consent-1\" class=\"forminator-field-consent forminator-col forminator-col-12 \"><div class=\"forminator-field\"><label for=\"forminator-field-consent-1_69d119853193a\" id=\"forminator-field-consent-1_69d119853193a-label\" class=\"forminator-label\">Consentimiento <span class=\"forminator-required\">*<\/span><\/label><div class=\"forminator-checkbox__wrapper\"><label id=\"forminator-field-consent-1_69d119853193a__label\" class=\"forminator-checkbox forminator-consent\"><input type=\"checkbox\" name=\"consent-1\" id=\"forminator-field-consent-1_69d119853193a\" value=\"checked\" aria-labelledby=\"forminator-field-consent-1_69d119853193a-label\" aria-describedby=\"forminator-field-consent-1_69d119853193a__description\" data-required=\"true\" aria-required=\"true\" \/><span class=\"forminator-checkbox-box\" aria-hidden=\"true\"><\/span><\/label><div id=\"forminator-field-consent-1_69d119853193a__description\" class=\"forminator-checkbox__label forminator-consent__label\"><p>Acepto la pol\u00edtica de privacidad y los t\u00e9rminos y condiciones.<\/p><\/div><\/div><\/div><\/div><\/div><input type=\"hidden\" name=\"referer_url\" value=\"\" \/><div class=\"forminator-row forminator-row-last\"><div class=\"forminator-col\"><div class=\"forminator-field\"><button class=\"forminator-button forminator-button-submit\">Enviar mensaje<\/button><\/div><\/div><\/div><input type=\"hidden\" id=\"forminator_nonce\" name=\"forminator_nonce\" value=\"2ba49fc83d\" \/><input type=\"hidden\" name=\"_wp_http_referer\" value=\"\/es\/wp-json\/wp\/v2\/pages\/2165\" \/><input type=\"hidden\" name=\"form_id\" value=\"2174\"><input type=\"hidden\" name=\"page_id\" value=\"2165\"><input type=\"hidden\" name=\"form_type\" value=\"default\"><input type=\"hidden\" name=\"current_url\" value=\"https:\/\/pureliving-online.de\/es\/contacto-arbol-de-navidad\/\"><input type=\"hidden\" name=\"render_id\" value=\"0\"><input type=\"hidden\" name=\"action\" value=\"forminator_submit_form_custom-forms\"><\/form>\n<p>A<strong>sistencia telef\u00f3nica<\/strong> Tel\u00e9fono:<a href=\"tel:+4945418404157\"><span>+49 (4541) 8404157<\/span><\/a> Lunes a viernes: 9:00 &#8211; 18:00<\/p>\n<p>C<strong>orreo electr\u00f3nico<\/strong>d<strong>e asistencia<\/strong><span><a href=\"mailto:hello@pureliving-online.de\">hello@pureliving-online.de<\/a><\/span><\/p>\n<p>[\/et_pb_text][\/et_pb_column][\/et_pb_row][\/et_pb_section]<\/p>\n","protected":false},"excerpt":{"rendered":"<p>\u00a1Prometemos ayudarte! Nuestro equipo de atenci\u00f3n al cliente est\u00e1 preparado para ayudarte de forma r\u00e1pida y sencilla. Utiliza una de las opciones de contacto que aparecen a continuaci\u00f3n. Tramitaremos tu solicitud lo antes posible. &nbsp; \u00bfDe qu\u00e9 se trata?Tambi\u00e9n puedes ponerte en contacto con nosotros de la siguiente manera Para poder ofrecerte la mejor asistencia [&hellip;]<\/p>\n","protected":false},"author":2,"featured_media":0,"parent":0,"menu_order":0,"comment_status":"closed","ping_status":"closed","template":"","meta":{"_acf_changed":false,"_et_pb_use_builder":"on","_et_pb_old_content":"","_et_gb_content_width":"","footnotes":""},"class_list":["post-2165","page","type-page","status-publish","hentry"],"acf":[],"yoast_head":"<!-- This site is optimized with the Yoast SEO plugin v27.3 - https:\/\/yoast.com\/product\/yoast-seo-wordpress\/ -->\n<title>Contacto \u00c1rbol de Navidad - Pure Living<\/title>\n<meta name=\"robots\" content=\"index, follow, max-snippet:-1, max-image-preview:large, max-video-preview:-1\" \/>\n<link rel=\"canonical\" href=\"https:\/\/pureliving-online.de\/kontakt-weihnachtsbaum\/\" \/>\n<meta property=\"og:locale\" content=\"es_ES\" \/>\n<meta property=\"og:type\" content=\"article\" \/>\n<meta property=\"og:title\" content=\"Contacto \u00c1rbol de Navidad - Pure Living\" \/>\n<meta property=\"og:description\" content=\"\u00a1Prometemos ayudarte! Nuestro equipo de atenci\u00f3n al cliente est\u00e1 preparado para ayudarte de forma r\u00e1pida y sencilla. Utiliza una de las opciones de contacto que aparecen a continuaci\u00f3n. Tramitaremos tu solicitud lo antes posible. &nbsp; \u00bfDe qu\u00e9 se trata?Tambi\u00e9n puedes ponerte en contacto con nosotros de la siguiente manera Para poder ofrecerte la mejor asistencia [&hellip;]\" \/>\n<meta property=\"og:url\" content=\"https:\/\/pureliving-online.de\/kontakt-weihnachtsbaum\/\" \/>\n<meta property=\"og:site_name\" content=\"Pure Living\" \/>\n<meta property=\"article:modified_time\" content=\"2025-01-24T14:18:19+00:00\" \/>\n<meta name=\"twitter:card\" content=\"summary_large_image\" \/>\n<meta name=\"twitter:label1\" content=\"Tiempo de lectura\" \/>\n\t<meta name=\"twitter:data1\" content=\"2 minutos\" \/>\n<script type=\"application\/ld+json\" class=\"yoast-schema-graph\">{\"@context\":\"https:\\\/\\\/schema.org\",\"@graph\":[{\"@type\":\"WebPage\",\"@id\":\"https:\\\/\\\/pureliving-online.de\\\/kontakt-weihnachtsbaum\\\/\",\"url\":\"https:\\\/\\\/pureliving-online.de\\\/kontakt-weihnachtsbaum\\\/\",\"name\":\"Contacto \u00c1rbol de Navidad - Pure Living\",\"isPartOf\":{\"@id\":\"https:\\\/\\\/pureliving-online.de\\\/#website\"},\"datePublished\":\"2024-06-25T11:51:58+00:00\",\"dateModified\":\"2025-01-24T14:18:19+00:00\",\"breadcrumb\":{\"@id\":\"https:\\\/\\\/pureliving-online.de\\\/kontakt-weihnachtsbaum\\\/#breadcrumb\"},\"inLanguage\":\"es\",\"potentialAction\":[{\"@type\":\"ReadAction\",\"target\":[\"https:\\\/\\\/pureliving-online.de\\\/kontakt-weihnachtsbaum\\\/\"]}]},{\"@type\":\"BreadcrumbList\",\"@id\":\"https:\\\/\\\/pureliving-online.de\\\/kontakt-weihnachtsbaum\\\/#breadcrumb\",\"itemListElement\":[{\"@type\":\"ListItem\",\"position\":1,\"name\":\"Startseite\",\"item\":\"https:\\\/\\\/pureliving-online.de\\\/es\\\/comienza\\\/\"},{\"@type\":\"ListItem\",\"position\":2,\"name\":\"Contacto \u00c1rbol de Navidad\"}]},{\"@type\":\"WebSite\",\"@id\":\"https:\\\/\\\/pureliving-online.de\\\/#website\",\"url\":\"https:\\\/\\\/pureliving-online.de\\\/\",\"name\":\"Pure Living\",\"description\":\"Interior Design \",\"potentialAction\":[{\"@type\":\"SearchAction\",\"target\":{\"@type\":\"EntryPoint\",\"urlTemplate\":\"https:\\\/\\\/pureliving-online.de\\\/?s={search_term_string}\"},\"query-input\":{\"@type\":\"PropertyValueSpecification\",\"valueRequired\":true,\"valueName\":\"search_term_string\"}}],\"inLanguage\":\"es\"}]}<\/script>\n<!-- \/ Yoast SEO plugin. -->","yoast_head_json":{"title":"Contacto \u00c1rbol de Navidad - Pure Living","robots":{"index":"index","follow":"follow","max-snippet":"max-snippet:-1","max-image-preview":"max-image-preview:large","max-video-preview":"max-video-preview:-1"},"canonical":"https:\/\/pureliving-online.de\/kontakt-weihnachtsbaum\/","og_locale":"es_ES","og_type":"article","og_title":"Contacto \u00c1rbol de Navidad - Pure Living","og_description":"\u00a1Prometemos ayudarte! Nuestro equipo de atenci\u00f3n al cliente est\u00e1 preparado para ayudarte de forma r\u00e1pida y sencilla. Utiliza una de las opciones de contacto que aparecen a continuaci\u00f3n. Tramitaremos tu solicitud lo antes posible. &nbsp; \u00bfDe qu\u00e9 se trata?Tambi\u00e9n puedes ponerte en contacto con nosotros de la siguiente manera Para poder ofrecerte la mejor asistencia [&hellip;]","og_url":"https:\/\/pureliving-online.de\/kontakt-weihnachtsbaum\/","og_site_name":"Pure Living","article_modified_time":"2025-01-24T14:18:19+00:00","twitter_card":"summary_large_image","twitter_misc":{"Tiempo de lectura":"2 minutos"},"schema":{"@context":"https:\/\/schema.org","@graph":[{"@type":"WebPage","@id":"https:\/\/pureliving-online.de\/kontakt-weihnachtsbaum\/","url":"https:\/\/pureliving-online.de\/kontakt-weihnachtsbaum\/","name":"Contacto \u00c1rbol de Navidad - Pure Living","isPartOf":{"@id":"https:\/\/pureliving-online.de\/#website"},"datePublished":"2024-06-25T11:51:58+00:00","dateModified":"2025-01-24T14:18:19+00:00","breadcrumb":{"@id":"https:\/\/pureliving-online.de\/kontakt-weihnachtsbaum\/#breadcrumb"},"inLanguage":"es","potentialAction":[{"@type":"ReadAction","target":["https:\/\/pureliving-online.de\/kontakt-weihnachtsbaum\/"]}]},{"@type":"BreadcrumbList","@id":"https:\/\/pureliving-online.de\/kontakt-weihnachtsbaum\/#breadcrumb","itemListElement":[{"@type":"ListItem","position":1,"name":"Startseite","item":"https:\/\/pureliving-online.de\/es\/comienza\/"},{"@type":"ListItem","position":2,"name":"Contacto \u00c1rbol de Navidad"}]},{"@type":"WebSite","@id":"https:\/\/pureliving-online.de\/#website","url":"https:\/\/pureliving-online.de\/","name":"Pure Living","description":"Interior Design ","potentialAction":[{"@type":"SearchAction","target":{"@type":"EntryPoint","urlTemplate":"https:\/\/pureliving-online.de\/?s={search_term_string}"},"query-input":{"@type":"PropertyValueSpecification","valueRequired":true,"valueName":"search_term_string"}}],"inLanguage":"es"}]}},"_links":{"self":[{"href":"https:\/\/pureliving-online.de\/es\/wp-json\/wp\/v2\/pages\/2165","targetHints":{"allow":["GET"]}}],"collection":[{"href":"https:\/\/pureliving-online.de\/es\/wp-json\/wp\/v2\/pages"}],"about":[{"href":"https:\/\/pureliving-online.de\/es\/wp-json\/wp\/v2\/types\/page"}],"author":[{"embeddable":true,"href":"https:\/\/pureliving-online.de\/es\/wp-json\/wp\/v2\/users\/2"}],"replies":[{"embeddable":true,"href":"https:\/\/pureliving-online.de\/es\/wp-json\/wp\/v2\/comments?post=2165"}],"version-history":[{"count":3,"href":"https:\/\/pureliving-online.de\/es\/wp-json\/wp\/v2\/pages\/2165\/revisions"}],"predecessor-version":[{"id":2175,"href":"https:\/\/pureliving-online.de\/es\/wp-json\/wp\/v2\/pages\/2165\/revisions\/2175"}],"wp:attachment":[{"href":"https:\/\/pureliving-online.de\/es\/wp-json\/wp\/v2\/media?parent=2165"}],"curies":[{"name":"wp","href":"https:\/\/api.w.org\/{rel}","templated":true}]}}