{"id":1973,"date":"2024-11-05T18:32:17","date_gmt":"2024-11-05T18:32:17","guid":{"rendered":"https:\/\/pureliving-online.de\/instructions-de-montage-du-sapin-de-noel\/"},"modified":"2024-11-20T19:07:11","modified_gmt":"2024-11-20T19:07:11","slug":"instructions-de-montage-du-sapin-de-noel","status":"publish","type":"page","link":"https:\/\/pureliving-online.de\/fr\/instructions-de-montage-du-sapin-de-noel\/","title":{"rendered":"Instructions de montage du sapin de No\u00ebl"},"content":{"rendered":"<p>[et_pb_section fb_built=\u00a0\u00bb1&Prime; _builder_version=\u00a0\u00bb4.27.3&Prime; _module_preset=\u00a0\u00bbdefault\u00a0\u00bb locked=\u00a0\u00bboff\u00a0\u00bb global_colors_info=\u00a0\u00bb{}\u00a0\u00bb][et_pb_row _builder_version=\u00a0\u00bb4.27.3&Prime; _module_preset=\u00a0\u00bbdefault\u00a0\u00bb custom_margin=\u00a0\u00bb||||false|false\u00a0\u00bb custom_padding=\u00a0\u00bb0px||0px|||\u00a0\u00bb global_colors_info=\u00a0\u00bb{}\u00a0\u00bb][et_pb_column type=\u00a0\u00bb4_4&Prime; _builder_version=\u00a0\u00bb4.27.2&Prime; _module_preset=\u00a0\u00bbdefault\u00a0\u00bb global_colors_info=\u00a0\u00bb{}\u00a0\u00bb][et_pb_text admin_label=\u00a0\u00bbText\u00a0\u00bb _builder_version=\u00a0\u00bb4.27.3&Prime; _module_preset=\u00a0\u00bbdefault\u00a0\u00bb custom_margin=\u00a0\u00bb||||false|false\u00a0\u00bb custom_padding=\u00a0\u00bb7px|||||\u00a0\u00bb global_colors_info=\u00a0\u00bb{}\u00a0\u00bb]<\/p>\n<h1>Instructions de montage du sapin de No\u00ebl<\/h1>\n<p>Veuillez choisir la langue \/ Please choose your language<\/p>\n<div class=\"et_pb_module et_pb_text et_pb_text_3  et_pb_text_align_left et_pb_bg_layout_light\">\n<div class=\"et_pb_text_inner\">\n<div id=\"top-row\" class=\"style-scope ytd-watch-metadata\">\n<div\n\t class=\"wpml-ls-statics-shortcode_actions wpml-ls wpml-ls-legacy-dropdown js-wpml-ls-legacy-dropdown\">\n\t<ul role=\"menu\">\n\n\t\t<li role=\"none\" tabindex=\"0\" class=\"wpml-ls-slot-shortcode_actions wpml-ls-item wpml-ls-item-fr wpml-ls-current-language wpml-ls-item-legacy-dropdown\">\n\t\t\t<a href=\"#\" class=\"js-wpml-ls-item-toggle wpml-ls-item-toggle\" role=\"menuitem\" title=\"Passer \u00e0 Fran\u00e7ais(Fran\u00e7ais)\">\n                                                    <img decoding=\"async\"\n            class=\"wpml-ls-flag\"\n            src=\"https:\/\/pureliving-online.de\/wp-content\/plugins\/sitepress-multilingual-cms\/res\/flags\/fr.svg\"\n            alt=\"\"\n            width=18\n            height=12\n    \/><span class=\"wpml-ls-native\" role=\"menuitem\">Fran\u00e7ais<\/span><\/a>\n\n\t\t\t<ul class=\"wpml-ls-sub-menu\" role=\"menu\">\n\t\t\t\t\n\t\t\t\t\t<li class=\"wpml-ls-slot-shortcode_actions wpml-ls-item wpml-ls-item-en wpml-ls-first-item\" role=\"none\">\n\t\t\t\t\t\t<a href=\"https:\/\/pureliving-online.de\/en\/\" class=\"wpml-ls-link\" role=\"menuitem\" aria-label=\"Passer \u00e0 Anglais(English)\" title=\"Passer \u00e0 Anglais(English)\">\n                                                                <img decoding=\"async\"\n            class=\"wpml-ls-flag\"\n            src=\"https:\/\/pureliving-online.de\/wp-content\/plugins\/sitepress-multilingual-cms\/res\/flags\/en.svg\"\n            alt=\"\"\n            width=18\n            height=12\n    \/><span class=\"wpml-ls-native\" lang=\"en\">English<\/span><span class=\"wpml-ls-display\"><span class=\"wpml-ls-bracket\"> (<\/span>Anglais<span class=\"wpml-ls-bracket\">)<\/span><\/span><\/a>\n\t\t\t\t\t<\/li>\n\n\t\t\t\t\n\t\t\t\t\t<li class=\"wpml-ls-slot-shortcode_actions wpml-ls-item wpml-ls-item-de\" role=\"none\">\n\t\t\t\t\t\t<a href=\"https:\/\/pureliving-online.de\/\" class=\"wpml-ls-link\" role=\"menuitem\" aria-label=\"Passer \u00e0 Allemand(Deutsch)\" title=\"Passer \u00e0 Allemand(Deutsch)\">\n                                                                <img decoding=\"async\"\n            class=\"wpml-ls-flag\"\n            src=\"https:\/\/pureliving-online.de\/wp-content\/plugins\/sitepress-multilingual-cms\/res\/flags\/de.svg\"\n            alt=\"\"\n            width=18\n            height=12\n    \/><span class=\"wpml-ls-native\" lang=\"de\">Deutsch<\/span><span class=\"wpml-ls-display\"><span class=\"wpml-ls-bracket\"> (<\/span>Allemand<span class=\"wpml-ls-bracket\">)<\/span><\/span><\/a>\n\t\t\t\t\t<\/li>\n\n\t\t\t\t\n\t\t\t\t\t<li class=\"wpml-ls-slot-shortcode_actions wpml-ls-item wpml-ls-item-es\" role=\"none\">\n\t\t\t\t\t\t<a href=\"https:\/\/pureliving-online.de\/es\/\" class=\"wpml-ls-link\" role=\"menuitem\" aria-label=\"Passer \u00e0 Espagnol(Espa\u00f1ol)\" title=\"Passer \u00e0 Espagnol(Espa\u00f1ol)\">\n                                                                <img decoding=\"async\"\n            class=\"wpml-ls-flag\"\n            src=\"https:\/\/pureliving-online.de\/wp-content\/plugins\/sitepress-multilingual-cms\/res\/flags\/es.svg\"\n            alt=\"\"\n            width=18\n            height=12\n    \/><span class=\"wpml-ls-native\" lang=\"es\">Espa\u00f1ol<\/span><span class=\"wpml-ls-display\"><span class=\"wpml-ls-bracket\"> (<\/span>Espagnol<span class=\"wpml-ls-bracket\">)<\/span><\/span><\/a>\n\t\t\t\t\t<\/li>\n\n\t\t\t\t\n\t\t\t\t\t<li class=\"wpml-ls-slot-shortcode_actions wpml-ls-item wpml-ls-item-it wpml-ls-last-item\" role=\"none\">\n\t\t\t\t\t\t<a href=\"https:\/\/pureliving-online.de\/it\/\" class=\"wpml-ls-link\" role=\"menuitem\" aria-label=\"Passer \u00e0 Italien(Italiano)\" title=\"Passer \u00e0 Italien(Italiano)\">\n                                                                <img decoding=\"async\"\n            class=\"wpml-ls-flag\"\n            src=\"https:\/\/pureliving-online.de\/wp-content\/plugins\/sitepress-multilingual-cms\/res\/flags\/it.svg\"\n            alt=\"\"\n            width=18\n            height=12\n    \/><span class=\"wpml-ls-native\" lang=\"it\">Italiano<\/span><span class=\"wpml-ls-display\"><span class=\"wpml-ls-bracket\"> (<\/span>Italien<span class=\"wpml-ls-bracket\">)<\/span><\/span><\/a>\n\t\t\t\t\t<\/li>\n\n\t\t\t\t\t\t\t<\/ul>\n\n\t\t<\/li>\n\n\t<\/ul>\n<\/div>\n<\/div>\n<div class=\"style-scope ytd-watch-metadata\"><\/div>\n<\/div>\n<\/div>\n<div id=\"gtx-trans\" style=\"position: absolute; left: 5px; top: -1.02083px;\">\n<div class=\"gtx-trans-icon\"><\/div>\n<\/div>\n<p>[\/et_pb_text][\/et_pb_column][\/et_pb_row][et_pb_row _builder_version=\u00a0\u00bb4.27.3&Prime; _module_preset=\u00a0\u00bbdefault\u00a0\u00bb custom_margin=\u00a0\u00bb50px||||false|false\u00a0\u00bb custom_padding=\u00a0\u00bb0px||0px|||\u00a0\u00bb global_colors_info=\u00a0\u00bb{}\u00a0\u00bb][et_pb_column type=\u00a0\u00bb4_4&Prime; _builder_version=\u00a0\u00bb4.27.2&Prime; _module_preset=\u00a0\u00bbdefault\u00a0\u00bb global_colors_info=\u00a0\u00bb{}\u00a0\u00bb][et_pb_text admin_label=\u00a0\u00bbText\u00a0\u00bb _builder_version=\u00a0\u00bb4.27.3&Prime; _module_preset=\u00a0\u00bbdefault\u00a0\u00bb custom_margin=\u00a0\u00bb||||false|false\u00a0\u00bb global_colors_info=\u00a0\u00bb{}\u00a0\u00bb]<\/p>\n<h2>Le sapin de No\u00ebl parfait en 5 \u00e9tapes simples \u2013 Instructions de montage Pure Living<\/h2>\n<p>[\/et_pb_text][\/et_pb_column][\/et_pb_row][et_pb_row admin_label=\u00a0\u00bbRow\u00a0\u00bb _builder_version=\u00a0\u00bb4.27.3&Prime; _module_preset=\u00a0\u00bbdefault\u00a0\u00bb custom_padding=\u00a0\u00bb0px|||||\u00a0\u00bb global_colors_info=\u00a0\u00bb{}\u00a0\u00bb][et_pb_column type=\u00a0\u00bb4_4&Prime; _builder_version=\u00a0\u00bb4.27.3&Prime; _module_preset=\u00a0\u00bbdefault\u00a0\u00bb global_colors_info=\u00a0\u00bb{}\u00a0\u00bb][et_pb_image src=\u00a0\u00bbhttps:\/\/pureliving-online.de\/wp-content\/uploads\/2024\/11\/Christmas-Trees-220m-FR-A03.jpg\u00a0\u00bb title_text=\u00a0\u00bbChristmas Trees &#8211; 2,20m &#8211; FR &#8211; A+03&Prime; module_class=\u00a0\u00bbaufbauanleitung-desktop\u00a0\u00bb _builder_version=\u00a0\u00bb4.27.3&Prime; _module_preset=\u00a0\u00bbdefault\u00a0\u00bb custom_margin=\u00a0\u00bb||||false|false\u00a0\u00bb custom_padding=\u00a0\u00bb3px||0px|||\u00a0\u00bb global_colors_info=\u00a0\u00bb{}\u00a0\u00bb][\/et_pb_image][et_pb_image src=\u00a0\u00bbhttps:\/\/pureliving-online.de\/wp-content\/uploads\/2024\/11\/Christmas-Trees-220m-FR-A03-M.jpg\u00a0\u00bb title_text=\u00a0\u00bbChristmas Trees &#8211; 2,20m &#8211; FR &#8211; A+03 M\u00a0\u00bb module_class=\u00a0\u00bbaufbauanleitung-mobile\u00a0\u00bb _builder_version=\u00a0\u00bb4.27.3&Prime; _module_preset=\u00a0\u00bbdefault\u00a0\u00bb custom_margin=\u00a0\u00bb||||false|false\u00a0\u00bb custom_padding=\u00a0\u00bb3px||0px|||\u00a0\u00bb global_colors_info=\u00a0\u00bb{}\u00a0\u00bb][\/et_pb_image][\/et_pb_column][\/et_pb_row][et_pb_row column_structure=\u00a0\u00bb1_2,1_2&Prime; admin_label=\u00a0\u00bbRow\u00a0\u00bb _builder_version=\u00a0\u00bb4.27.3&Prime; _module_preset=\u00a0\u00bbdefault\u00a0\u00bb custom_margin=\u00a0\u00bb|auto||auto|false|false\u00a0\u00bb global_colors_info=\u00a0\u00bb{}\u00a0\u00bb][et_pb_column type=\u00a0\u00bb1_2&Prime; module_class=\u00a0\u00bbaufbauanleitung-tree-container\u00a0\u00bb _builder_version=\u00a0\u00bb4.27.2&Prime; _module_preset=\u00a0\u00bbdefault\u00a0\u00bb global_colors_info=\u00a0\u00bb{}\u00a0\u00bb][et_pb_text module_class=\u00a0\u00bbaufbauanleitung-tree-title\u00a0\u00bb _builder_version=\u00a0\u00bb4.27.2&Prime; _module_preset=\u00a0\u00bbdefault\u00a0\u00bb global_colors_info=\u00a0\u00bb{}\u00a0\u00bb]<\/p>\n<h2>Sapin de No\u00ebl Premium<\/h2>\n<p>[\/et_pb_text][et_pb_video src=\u00a0\u00bbhttps:\/\/www.youtube.com\/watch?v=M27UdQTmdWQ\u00a0\u00bb module_class=\u00a0\u00bbaufbauanleitung-tree-video\u00a0\u00bb _builder_version=\u00a0\u00bb4.27.2&Prime; _module_preset=\u00a0\u00bbdefault\u00a0\u00bb global_colors_info=\u00a0\u00bb{}\u00a0\u00bb][\/et_pb_video][\/et_pb_column][et_pb_column type=\u00a0\u00bb1_2&Prime; module_class=\u00a0\u00bbaufbauanleitung-tree-container \u00a0\u00bb _builder_version=\u00a0\u00bb4.27.2&Prime; _module_preset=\u00a0\u00bbdefault\u00a0\u00bb global_colors_info=\u00a0\u00bb{}\u00a0\u00bb][et_pb_text module_class=\u00a0\u00bbaufbauanleitung-tree-title\u00a0\u00bb _builder_version=\u00a0\u00bb4.27.2&Prime; _module_preset=\u00a0\u00bbdefault\u00a0\u00bb global_colors_info=\u00a0\u00bb{}\u00a0\u00bb]<\/p>\n<h2>Sapin de No\u00ebl 100% moul\u00e9 par injection<\/h2>\n<p>[\/et_pb_text][et_pb_video src=\u00a0\u00bbhttps:\/\/www.youtube.com\/watch?v=tkGYxH3I3es\u00a0\u00bb module_class=\u00a0\u00bbaufbauanleitung-tree-video\u00a0\u00bb _builder_version=\u00a0\u00bb4.27.3&Prime; _module_preset=\u00a0\u00bbdefault\u00a0\u00bb global_colors_info=\u00a0\u00bb{}\u00a0\u00bb][\/et_pb_video][\/et_pb_column][\/et_pb_row][et_pb_row admin_label=\u00a0\u00bbRow\u00a0\u00bb _builder_version=\u00a0\u00bb4.27.3&Prime; _module_preset=\u00a0\u00bbdefault\u00a0\u00bb hover_enabled=\u00a0\u00bb0&Prime; global_colors_info=\u00a0\u00bb{}\u00a0\u00bb sticky_enabled=\u00a0\u00bb0&Prime;][et_pb_column type=\u00a0\u00bb4_4&Prime; _builder_version=\u00a0\u00bb4.27.3&Prime; _module_preset=\u00a0\u00bbdefault\u00a0\u00bb global_colors_info=\u00a0\u00bb{}\u00a0\u00bb][et_pb_image src=\u00a0\u00bbhttps:\/\/pureliving-online.de\/wp-content\/uploads\/2024\/11\/Christmas-Trees-220m-FR-A01.jpg\u00a0\u00bb title_text=\u00a0\u00bbChristmas Trees &#8211; 2,20m &#8211; FR &#8211; A+01&Prime; admin_label=\u00a0\u00bbImage\u00a0\u00bb module_class=\u00a0\u00bbaufbauanleitung-desktop\u00a0\u00bb _builder_version=\u00a0\u00bb4.27.3&Prime; _module_preset=\u00a0\u00bbdefault\u00a0\u00bb custom_margin=\u00a0\u00bb||||false|false\u00a0\u00bb custom_padding=\u00a0\u00bb3px||0px|||\u00a0\u00bb global_colors_info=\u00a0\u00bb{}\u00a0\u00bb][\/et_pb_image][et_pb_image src=\u00a0\u00bbhttps:\/\/pureliving-online.de\/wp-content\/uploads\/2024\/11\/Christmas-Trees-220m-FR-A02.jpg\u00a0\u00bb title_text=\u00a0\u00bbChristmas Trees &#8211; 2,20m &#8211; FR &#8211; A+02&Prime; admin_label=\u00a0\u00bbImage\u00a0\u00bb module_class=\u00a0\u00bbaufbauanleitung-desktop\u00a0\u00bb _builder_version=\u00a0\u00bb4.27.3&Prime; _module_preset=\u00a0\u00bbdefault\u00a0\u00bb custom_margin=\u00a0\u00bb-34px||||false|false\u00a0\u00bb custom_padding=\u00a0\u00bb0px||0px|||\u00a0\u00bb global_colors_info=\u00a0\u00bb{}\u00a0\u00bb min_height=\u00a0\u00bb431.6px\u00a0\u00bb][\/et_pb_image][et_pb_image src=\u00a0\u00bbhttps:\/\/pureliving-online.de\/wp-content\/uploads\/2024\/11\/Christmas-Trees-220m-FR-A01-M.jpg\u00a0\u00bb title_text=\u00a0\u00bbChristmas Trees &#8211; 2,20m &#8211; FR &#8211; A+01 M\u00a0\u00bb module_class=\u00a0\u00bbaufbauanleitung-mobile\u00a0\u00bb _builder_version=\u00a0\u00bb4.27.3&Prime; _module_preset=\u00a0\u00bbdefault\u00a0\u00bb custom_margin=\u00a0\u00bb||||false|false\u00a0\u00bb custom_padding=\u00a0\u00bb3px||0px|||\u00a0\u00bb global_colors_info=\u00a0\u00bb{}\u00a0\u00bb][\/et_pb_image][et_pb_image src=\u00a0\u00bbhttps:\/\/pureliving-online.de\/wp-content\/uploads\/2024\/11\/Christmas-Trees-220m-A02-M.jpg\u00a0\u00bb title_text=\u00a0\u00bbChristmas Trees &#8211; 2,20m &#8211; A+02 M\u00a0\u00bb module_class=\u00a0\u00bbaufbauanleitung-mobile\u00a0\u00bb _builder_version=\u00a0\u00bb4.27.3&Prime; _module_preset=\u00a0\u00bbdefault\u00a0\u00bb custom_margin=\u00a0\u00bb-36px||||false|false\u00a0\u00bb custom_padding=\u00a0\u00bb3px||0px|||\u00a0\u00bb hover_enabled=\u00a0\u00bb0&Prime; global_colors_info=\u00a0\u00bb{}\u00a0\u00bb sticky_enabled=\u00a0\u00bb0&Prime;][\/et_pb_image][\/et_pb_column][\/et_pb_row][\/et_pb_section]<\/p>\n","protected":false},"excerpt":{"rendered":"<p>Instructions de montage du sapin de No\u00ebl Veuillez choisir la langue \/ Please choose your language \n<div\n\t class=\"wpml-ls-statics-shortcode_actions wpml-ls wpml-ls-legacy-dropdown js-wpml-ls-legacy-dropdown\">\n\t<ul role=\"menu\">\n\n\t\t<li role=\"none\" tabindex=\"0\" class=\"wpml-ls-slot-shortcode_actions wpml-ls-item wpml-ls-item-fr wpml-ls-current-language wpml-ls-item-legacy-dropdown\">\n\t\t\t<a href=\"#\" class=\"js-wpml-ls-item-toggle wpml-ls-item-toggle\" role=\"menuitem\" title=\"Passer \u00e0 Fran\u00e7ais(Fran\u00e7ais)\">\n                                                    <img decoding=\"async\"\n            class=\"wpml-ls-flag\"\n            src=\"https:\/\/pureliving-online.de\/wp-content\/plugins\/sitepress-multilingual-cms\/res\/flags\/fr.svg\"\n            alt=\"\"\n            width=18\n            height=12\n    \/><span class=\"wpml-ls-native\" role=\"menuitem\">Fran\u00e7ais<\/span><\/a>\n\n\t\t\t<ul class=\"wpml-ls-sub-menu\" role=\"menu\">\n\t\t\t\t\n\t\t\t\t\t<li class=\"wpml-ls-slot-shortcode_actions wpml-ls-item wpml-ls-item-en wpml-ls-first-item\" role=\"none\">\n\t\t\t\t\t\t<a href=\"https:\/\/pureliving-online.de\/en\/\" class=\"wpml-ls-link\" role=\"menuitem\" aria-label=\"Passer \u00e0 Anglais(English)\" title=\"Passer \u00e0 Anglais(English)\">\n                                                                <img decoding=\"async\"\n            class=\"wpml-ls-flag\"\n            src=\"https:\/\/pureliving-online.de\/wp-content\/plugins\/sitepress-multilingual-cms\/res\/flags\/en.svg\"\n            alt=\"\"\n            width=18\n            height=12\n    \/><span class=\"wpml-ls-native\" lang=\"en\">English<\/span><span class=\"wpml-ls-display\"><span class=\"wpml-ls-bracket\"> (<\/span>Anglais<span class=\"wpml-ls-bracket\">)<\/span><\/span><\/a>\n\t\t\t\t\t<\/li>\n\n\t\t\t\t\n\t\t\t\t\t<li class=\"wpml-ls-slot-shortcode_actions wpml-ls-item wpml-ls-item-de\" role=\"none\">\n\t\t\t\t\t\t<a href=\"https:\/\/pureliving-online.de\/\" class=\"wpml-ls-link\" role=\"menuitem\" aria-label=\"Passer \u00e0 Allemand(Deutsch)\" title=\"Passer \u00e0 Allemand(Deutsch)\">\n                                                                <img decoding=\"async\"\n            class=\"wpml-ls-flag\"\n            src=\"https:\/\/pureliving-online.de\/wp-content\/plugins\/sitepress-multilingual-cms\/res\/flags\/de.svg\"\n            alt=\"\"\n            width=18\n            height=12\n    \/><span class=\"wpml-ls-native\" lang=\"de\">Deutsch<\/span><span class=\"wpml-ls-display\"><span class=\"wpml-ls-bracket\"> (<\/span>Allemand<span class=\"wpml-ls-bracket\">)<\/span><\/span><\/a>\n\t\t\t\t\t<\/li>\n\n\t\t\t\t\n\t\t\t\t\t<li class=\"wpml-ls-slot-shortcode_actions wpml-ls-item wpml-ls-item-es\" role=\"none\">\n\t\t\t\t\t\t<a href=\"https:\/\/pureliving-online.de\/es\/\" class=\"wpml-ls-link\" role=\"menuitem\" aria-label=\"Passer \u00e0 Espagnol(Espa\u00f1ol)\" title=\"Passer \u00e0 Espagnol(Espa\u00f1ol)\">\n                                                                <img decoding=\"async\"\n            class=\"wpml-ls-flag\"\n            src=\"https:\/\/pureliving-online.de\/wp-content\/plugins\/sitepress-multilingual-cms\/res\/flags\/es.svg\"\n            alt=\"\"\n            width=18\n            height=12\n    \/><span class=\"wpml-ls-native\" lang=\"es\">Espa\u00f1ol<\/span><span class=\"wpml-ls-display\"><span class=\"wpml-ls-bracket\"> (<\/span>Espagnol<span class=\"wpml-ls-bracket\">)<\/span><\/span><\/a>\n\t\t\t\t\t<\/li>\n\n\t\t\t\t\n\t\t\t\t\t<li class=\"wpml-ls-slot-shortcode_actions wpml-ls-item wpml-ls-item-it wpml-ls-last-item\" role=\"none\">\n\t\t\t\t\t\t<a href=\"https:\/\/pureliving-online.de\/it\/\" class=\"wpml-ls-link\" role=\"menuitem\" aria-label=\"Passer \u00e0 Italien(Italiano)\" title=\"Passer \u00e0 Italien(Italiano)\">\n                                                                <img decoding=\"async\"\n            class=\"wpml-ls-flag\"\n            src=\"https:\/\/pureliving-online.de\/wp-content\/plugins\/sitepress-multilingual-cms\/res\/flags\/it.svg\"\n            alt=\"\"\n            width=18\n            height=12\n    \/><span class=\"wpml-ls-native\" lang=\"it\">Italiano<\/span><span class=\"wpml-ls-display\"><span class=\"wpml-ls-bracket\"> (<\/span>Italien<span class=\"wpml-ls-bracket\">)<\/span><\/span><\/a>\n\t\t\t\t\t<\/li>\n\n\t\t\t\t\t\t\t<\/ul>\n\n\t\t<\/li>\n\n\t<\/ul>\n<\/div>\n Le sapin de No\u00ebl parfait en 5 \u00e9tapes simples \u2013 Instructions de montage Pure LivingSapin de No\u00ebl PremiumSapin de No\u00ebl 100% moul\u00e9 par injection<\/p>\n","protected":false},"author":2,"featured_media":0,"parent":0,"menu_order":0,"comment_status":"closed","ping_status":"closed","template":"","meta":{"_acf_changed":false,"_et_pb_use_builder":"on","_et_pb_old_content":"","_et_gb_content_width":"","footnotes":""},"class_list":["post-1973","page","type-page","status-publish","hentry"],"acf":[],"yoast_head":"<!-- This site is optimized with the Yoast SEO plugin v27.3 - https:\/\/yoast.com\/product\/yoast-seo-wordpress\/ -->\n<title>Instructions de montage du sapin de No\u00ebl - Pure Living<\/title>\n<meta name=\"robots\" content=\"index, follow, max-snippet:-1, max-image-preview:large, max-video-preview:-1\" \/>\n<link rel=\"canonical\" href=\"https:\/\/pureliving-online.de\/fr\/instructions-de-montage-du-sapin-de-noel\/\" \/>\n<meta property=\"og:locale\" content=\"fr_FR\" \/>\n<meta property=\"og:type\" content=\"article\" \/>\n<meta property=\"og:title\" content=\"Instructions de montage du sapin de No\u00ebl - Pure Living\" \/>\n<meta property=\"og:description\" content=\"Instructions de montage du sapin de No\u00ebl Veuillez choisir la langue \/ Please choose your language Le sapin de No\u00ebl parfait en 5 \u00e9tapes simples \u2013 Instructions de montage Pure LivingSapin de No\u00ebl PremiumSapin de No\u00ebl 100% moul\u00e9 par injection\" \/>\n<meta property=\"og:url\" content=\"https:\/\/pureliving-online.de\/fr\/instructions-de-montage-du-sapin-de-noel\/\" \/>\n<meta property=\"og:site_name\" content=\"Pure Living\" \/>\n<meta property=\"article:modified_time\" content=\"2024-11-20T19:07:11+00:00\" \/>\n<meta name=\"twitter:card\" content=\"summary_large_image\" \/>\n<meta name=\"twitter:label1\" content=\"Dur\u00e9e de lecture estim\u00e9e\" \/>\n\t<meta name=\"twitter:data1\" content=\"3 minutes\" \/>\n<script type=\"application\/ld+json\" class=\"yoast-schema-graph\">{\"@context\":\"https:\\\/\\\/schema.org\",\"@graph\":[{\"@type\":\"WebPage\",\"@id\":\"https:\\\/\\\/pureliving-online.de\\\/fr\\\/instructions-de-montage-du-sapin-de-noel\\\/\",\"url\":\"https:\\\/\\\/pureliving-online.de\\\/fr\\\/instructions-de-montage-du-sapin-de-noel\\\/\",\"name\":\"Instructions de montage du sapin de No\u00ebl - Pure Living\",\"isPartOf\":{\"@id\":\"https:\\\/\\\/pureliving-online.de\\\/#website\"},\"datePublished\":\"2024-11-05T18:32:17+00:00\",\"dateModified\":\"2024-11-20T19:07:11+00:00\",\"breadcrumb\":{\"@id\":\"https:\\\/\\\/pureliving-online.de\\\/fr\\\/instructions-de-montage-du-sapin-de-noel\\\/#breadcrumb\"},\"inLanguage\":\"fr-FR\",\"potentialAction\":[{\"@type\":\"ReadAction\",\"target\":[\"https:\\\/\\\/pureliving-online.de\\\/fr\\\/instructions-de-montage-du-sapin-de-noel\\\/\"]}]},{\"@type\":\"BreadcrumbList\",\"@id\":\"https:\\\/\\\/pureliving-online.de\\\/fr\\\/instructions-de-montage-du-sapin-de-noel\\\/#breadcrumb\",\"itemListElement\":[{\"@type\":\"ListItem\",\"position\":1,\"name\":\"Startseite\",\"item\":\"https:\\\/\\\/pureliving-online.de\\\/fr\\\/lancement\\\/\"},{\"@type\":\"ListItem\",\"position\":2,\"name\":\"Instructions de montage du sapin de No\u00ebl\"}]},{\"@type\":\"WebSite\",\"@id\":\"https:\\\/\\\/pureliving-online.de\\\/#website\",\"url\":\"https:\\\/\\\/pureliving-online.de\\\/\",\"name\":\"Pure Living\",\"description\":\"Interior Design \",\"potentialAction\":[{\"@type\":\"SearchAction\",\"target\":{\"@type\":\"EntryPoint\",\"urlTemplate\":\"https:\\\/\\\/pureliving-online.de\\\/?s={search_term_string}\"},\"query-input\":{\"@type\":\"PropertyValueSpecification\",\"valueRequired\":true,\"valueName\":\"search_term_string\"}}],\"inLanguage\":\"fr-FR\"}]}<\/script>\n<!-- \/ Yoast SEO plugin. -->","yoast_head_json":{"title":"Instructions de montage du sapin de No\u00ebl - Pure Living","robots":{"index":"index","follow":"follow","max-snippet":"max-snippet:-1","max-image-preview":"max-image-preview:large","max-video-preview":"max-video-preview:-1"},"canonical":"https:\/\/pureliving-online.de\/fr\/instructions-de-montage-du-sapin-de-noel\/","og_locale":"fr_FR","og_type":"article","og_title":"Instructions de montage du sapin de No\u00ebl - Pure Living","og_description":"Instructions de montage du sapin de No\u00ebl Veuillez choisir la langue \/ Please choose your language Le sapin de No\u00ebl parfait en 5 \u00e9tapes simples \u2013 Instructions de montage Pure LivingSapin de No\u00ebl PremiumSapin de No\u00ebl 100% moul\u00e9 par injection","og_url":"https:\/\/pureliving-online.de\/fr\/instructions-de-montage-du-sapin-de-noel\/","og_site_name":"Pure Living","article_modified_time":"2024-11-20T19:07:11+00:00","twitter_card":"summary_large_image","twitter_misc":{"Dur\u00e9e de lecture estim\u00e9e":"3 minutes"},"schema":{"@context":"https:\/\/schema.org","@graph":[{"@type":"WebPage","@id":"https:\/\/pureliving-online.de\/fr\/instructions-de-montage-du-sapin-de-noel\/","url":"https:\/\/pureliving-online.de\/fr\/instructions-de-montage-du-sapin-de-noel\/","name":"Instructions de montage du sapin de No\u00ebl - Pure Living","isPartOf":{"@id":"https:\/\/pureliving-online.de\/#website"},"datePublished":"2024-11-05T18:32:17+00:00","dateModified":"2024-11-20T19:07:11+00:00","breadcrumb":{"@id":"https:\/\/pureliving-online.de\/fr\/instructions-de-montage-du-sapin-de-noel\/#breadcrumb"},"inLanguage":"fr-FR","potentialAction":[{"@type":"ReadAction","target":["https:\/\/pureliving-online.de\/fr\/instructions-de-montage-du-sapin-de-noel\/"]}]},{"@type":"BreadcrumbList","@id":"https:\/\/pureliving-online.de\/fr\/instructions-de-montage-du-sapin-de-noel\/#breadcrumb","itemListElement":[{"@type":"ListItem","position":1,"name":"Startseite","item":"https:\/\/pureliving-online.de\/fr\/lancement\/"},{"@type":"ListItem","position":2,"name":"Instructions de montage du sapin de No\u00ebl"}]},{"@type":"WebSite","@id":"https:\/\/pureliving-online.de\/#website","url":"https:\/\/pureliving-online.de\/","name":"Pure Living","description":"Interior Design ","potentialAction":[{"@type":"SearchAction","target":{"@type":"EntryPoint","urlTemplate":"https:\/\/pureliving-online.de\/?s={search_term_string}"},"query-input":{"@type":"PropertyValueSpecification","valueRequired":true,"valueName":"search_term_string"}}],"inLanguage":"fr-FR"}]}},"_links":{"self":[{"href":"https:\/\/pureliving-online.de\/fr\/wp-json\/wp\/v2\/pages\/1973","targetHints":{"allow":["GET"]}}],"collection":[{"href":"https:\/\/pureliving-online.de\/fr\/wp-json\/wp\/v2\/pages"}],"about":[{"href":"https:\/\/pureliving-online.de\/fr\/wp-json\/wp\/v2\/types\/page"}],"author":[{"embeddable":true,"href":"https:\/\/pureliving-online.de\/fr\/wp-json\/wp\/v2\/users\/2"}],"replies":[{"embeddable":true,"href":"https:\/\/pureliving-online.de\/fr\/wp-json\/wp\/v2\/comments?post=1973"}],"version-history":[{"count":6,"href":"https:\/\/pureliving-online.de\/fr\/wp-json\/wp\/v2\/pages\/1973\/revisions"}],"predecessor-version":[{"id":2144,"href":"https:\/\/pureliving-online.de\/fr\/wp-json\/wp\/v2\/pages\/1973\/revisions\/2144"}],"wp:attachment":[{"href":"https:\/\/pureliving-online.de\/fr\/wp-json\/wp\/v2\/media?parent=1973"}],"curies":[{"name":"wp","href":"https:\/\/api.w.org\/{rel}","templated":true}]}}