{"id":2159,"date":"2024-06-25T11:51:58","date_gmt":"2024-06-25T11:51:58","guid":{"rendered":"https:\/\/pureliving-online.de\/contact-sapin-de-noel\/"},"modified":"2025-01-24T14:06:37","modified_gmt":"2025-01-24T14:06:37","slug":"contact-sapin-de-noel","status":"publish","type":"page","link":"https:\/\/pureliving-online.de\/fr\/contact-sapin-de-noel\/","title":{"rendered":"Contact Sapin de No\u00ebl"},"content":{"rendered":"<p>[et_pb_section fb_built=\u00a0\u00bb1&Prime; admin_label=\u00a0\u00bbSektion\u00a0\u00bb _builder_version=\u00a0\u00bb4.27.2&Prime; _module_preset=\u00a0\u00bbdefault\u00a0\u00bb global_colors_info=\u00a0\u00bb{}\u00a0\u00bb][et_pb_row _builder_version=\u00a0\u00bb4.27.2&Prime; _module_preset=\u00a0\u00bbdefault\u00a0\u00bb global_colors_info=\u00a0\u00bb{}\u00a0\u00bb][et_pb_column type=\u00a0\u00bb4_4&Prime; _builder_version=\u00a0\u00bb4.27.2&Prime; _module_preset=\u00a0\u00bbdefault\u00a0\u00bb global_colors_info=\u00a0\u00bb{}\u00a0\u00bb][et_pb_text _builder_version=\u00a0\u00bb4.27.2&Prime; _module_preset=\u00a0\u00bbdefault\u00a0\u00bb global_colors_info=\u00a0\u00bb{}\u00a0\u00bb]<\/p>\n<h1><strong>Nous vous aidons, c&rsquo;est promis !<\/strong><\/h1>\n<p>Notre \u00e9quipe du service client est pr\u00eate \u00e0 vous aider rapidement et facilement. Veuillez utiliser l&rsquo;un des moyens de contact ci-dessous. Nous traiterons votre demande dans les plus brefs d\u00e9lais.  <\/p>\n<p>&nbsp;<\/p>\n<h2>De quoi s&rsquo;agit-il ?<\/h2>\n<p>[\/et_pb_text][\/et_pb_column][\/et_pb_row][et_pb_row column_structure=\u00a0\u00bb1_3,1_3,1_3&Prime; module_id=\u00a0\u00bbkontakt-options\u00a0\u00bb _builder_version=\u00a0\u00bb4.27.2&Prime; _module_preset=\u00a0\u00bbdefault\u00a0\u00bb min_height=\u00a0\u00bb9px\u00a0\u00bb custom_padding=\u00a0\u00bb2px|||||\u00a0\u00bb global_colors_info=\u00a0\u00bb{}\u00a0\u00bb][et_pb_column type=\u00a0\u00bb1_3&Prime; _builder_version=\u00a0\u00bb4.27.2&Prime; _module_preset=\u00a0\u00bbdefault\u00a0\u00bb global_colors_info=\u00a0\u00bb{}\u00a0\u00bb][et_pb_button button_url=\u00a0\u00bb#weihnachtsbaume\u00a0\u00bb button_text=\u00a0\u00bbArbres de No\u00ebl\u00a0\u00bb _builder_version=\u00a0\u00bb4.27.2&Prime; _module_preset=\u00a0\u00bbdefault\u00a0\u00bb global_colors_info=\u00a0\u00bb{}\u00a0\u00bb][\/et_pb_button][\/et_pb_column][et_pb_column type=\u00a0\u00bb1_3&Prime; _builder_version=\u00a0\u00bb4.27.2&Prime; _module_preset=\u00a0\u00bbdefault\u00a0\u00bb global_colors_info=\u00a0\u00bb{}\u00a0\u00bb][et_pb_button button_url=\u00a0\u00bbhttps:\/\/pureliving-online.de\/kontakt-geschirr\/\u00a0\u00bb button_text=\u00a0\u00bbVaisselle\u00a0\u00bb _builder_version=\u00a0\u00bb4.27.2&Prime; _module_preset=\u00a0\u00bbdefault\u00a0\u00bb global_colors_info=\u00a0\u00bb{}\u00a0\u00bb][\/et_pb_button][\/et_pb_column][et_pb_column type=\u00a0\u00bb1_3&Prime; _builder_version=\u00a0\u00bb4.27.2&Prime; _module_preset=\u00a0\u00bbdefault\u00a0\u00bb global_colors_info=\u00a0\u00bb{}\u00a0\u00bb][et_pb_button button_url=\u00a0\u00bbhttps:\/\/pureliving-online.de\/kontakt\/\u00a0\u00bb button_text=\u00a0\u00bbAutre  \u00a0\u00bb _builder_version=\u00a0\u00bb4.27.2&Prime; _module_preset=\u00a0\u00bbdefault\u00a0\u00bb global_colors_info=\u00a0\u00bb{}\u00a0\u00bb][\/et_pb_button][\/et_pb_column][\/et_pb_row][\/et_pb_section][et_pb_section fb_built=\u00a0\u00bb1&Prime; admin_label=\u00a0\u00bbSektion\u00a0\u00bb _builder_version=\u00a0\u00bb4.24.2&Prime; _module_preset=\u00a0\u00bbdefault\u00a0\u00bb background_color=\u00a0\u00bb#f7f7f9&Prime; global_colors_info=\u00a0\u00bb{}\u00a0\u00bb][et_pb_row _builder_version=\u00a0\u00bb4.27.0&Prime; _module_preset=\u00a0\u00bbdefault\u00a0\u00bb global_colors_info=\u00a0\u00bb{}\u00a0\u00bb][et_pb_column type=\u00a0\u00bb4_4&Prime; admin_label=\u00a0\u00bbColonne\u00a0\u00bb _builder_version=\u00a0\u00bb4.24.2&Prime; _module_preset=\u00a0\u00bbdefault\u00a0\u00bb global_colors_info=\u00a0\u00bb{}\u00a0\u00bb][et_pb_text _builder_version=\u00a0\u00bb4.27.2&Prime; _module_preset=\u00a0\u00bbdefault\u00a0\u00bb global_colors_info=\u00a0\u00bb{}\u00a0\u00bb]<\/p>\n<h2>Vous pouvez \u00e9galement nous contacter de la mani\u00e8re suivante<\/h2>\n<p>Pour nous permettre de vous aider au mieux, veuillez indiquer votre num\u00e9ro de commande, la date de la commande et une description de votre demande. N&rsquo;h\u00e9sitez pas \u00e0 envoyer des photos.<br \/>MERCI ! Nous ne sommes satisfaits que lorsque vous l&rsquo;\u00eates !  <\/p>\n<p>[\/et_pb_text][et_pb_image src=\u00a0\u00bbhttps:\/\/pureliving-online.de\/wp-content\/uploads\/2024\/06\/WA-BEMS.png\u00a0\u00bb title_text=\u00a0\u00bbWA BEMS\u00a0\u00bb module_class=\u00a0\u00bbkontakt-qrcode\u00a0\u00bb _builder_version=\u00a0\u00bb4.27.0&Prime; _module_preset=\u00a0\u00bbdefault\u00a0\u00bb locked=\u00a0\u00bboff\u00a0\u00bb global_colors_info=\u00a0\u00bb{}\u00a0\u00bb][\/et_pb_image][et_pb_image src=\u00a0\u00bbhttps:\/\/pureliving-online.de\/wp-content\/uploads\/2024\/07\/WhatsAppButtonGreenLarge.png\u00a0\u00bb title_text=\u00a0\u00bbWhatsAppButtonGreenLarge\u00a0\u00bb url=\u00a0\u00bbhttps:\/\/wa.me\/4915733999896&Prime; module_class=\u00a0\u00bbwhatsapp-btn\u00a0\u00bb _builder_version=\u00a0\u00bb4.27.0&Prime; _module_preset=\u00a0\u00bbdefault\u00a0\u00bb width=\u00a0\u00bb100%\u00a0\u00bb custom_margin=\u00a0\u00bb|0px||0px|false|true\u00a0\u00bb custom_padding=\u00a0\u00bb|0px||0px|false|true\u00a0\u00bb locked=\u00a0\u00bboff\u00a0\u00bb global_colors_info=\u00a0\u00bb{}\u00a0\u00bb][\/et_pb_image][et_pb_text admin_label=\u00a0\u00bbText\u00a0\u00bb module_id=\u00a0\u00bbweihnachtsbaume\u00a0\u00bb _builder_version=\u00a0\u00bb4.27.2&Prime; _module_preset=\u00a0\u00bbdefault\u00a0\u00bb custom_padding=\u00a0\u00bb15px|||||\u00a0\u00bb global_colors_info=\u00a0\u00bb{}\u00a0\u00bb]<\/p>\n<h3><strong>Formulaire de contact pour les arbres de No\u00ebl<\/strong><\/h3>\n<div class=\"forminator-ui forminator-custom-form forminator-custom-form-2170 forminator-design--default  forminator_ajax\" data-forminator-render=\"0\" data-form=\"forminator-module-2170\" data-uid=\"69d11d3c572d1\"><br\/><\/div><form\n\t\t\t\tid=\"forminator-module-2170\"\n\t\t\t\tclass=\"forminator-ui forminator-custom-form forminator-custom-form-2170 forminator-design--default  forminator_ajax\"\n\t\t\t\tmethod=\"post\"\n\t\t\t\tdata-forminator-render=\"0\"\n\t\t\t\tdata-form-id=\"2170\"\n\t\t\t\tenctype=\"multipart\/form-data\" data-color-option=\"default\" data-design=\"default\" data-grid=\"open\" style=\"display: none;\"\n\t\t\t\tdata-uid=\"69d11d3c572d1\"\n\t\t\t><div role=\"alert\" aria-live=\"polite\" class=\"forminator-response-message forminator-error\" aria-hidden=\"true\"><\/div><div class=\"forminator-row\"><div id=\"radio-1\" class=\"forminator-field-radio forminator-col forminator-col-12 \"><div role=\"radiogroup\" class=\"forminator-field\" aria-labelledby=\"forminator-radiogroup-radio-1-69d11d3c572d1-label\"><span id=\"forminator-radiogroup-radio-1-69d11d3c572d1-label\" class=\"forminator-label\">Type de probl\u00e8me <span class=\"forminator-required\">*<\/span><\/span><label id=\"forminator-field-radio-1-label-1\" for=\"forminator-field-radio-1-1-69d11d3c572d1\" class=\"forminator-radio\" title=\"Marchandise endommag\u00e9e\"><input type=\"radio\" name=\"radio-1\" value=\"one\" id=\"forminator-field-radio-1-1-69d11d3c572d1\" aria-labelledby=\"forminator-field-radio-1-label-1\" data-calculation=\"0\"   data-hidden-behavior=\"zero\"\/><span class=\"forminator-radio-bullet\" aria-hidden=\"true\"><\/span><span class=\"forminator-radio-label\">Marchandise endommag\u00e9e<\/span><\/label><label id=\"forminator-field-radio-1-label-2\" for=\"forminator-field-radio-1-2-69d11d3c572d1\" class=\"forminator-radio\" title=\"Marchandise non re\u00e7ue\"><input type=\"radio\" name=\"radio-1\" value=\"two\" id=\"forminator-field-radio-1-2-69d11d3c572d1\" aria-labelledby=\"forminator-field-radio-1-label-2\" data-calculation=\"0\"   data-hidden-behavior=\"zero\"\/><span class=\"forminator-radio-bullet\" aria-hidden=\"true\"><\/span><span class=\"forminator-radio-label\">Marchandise non re\u00e7ue<\/span><\/label><label id=\"forminator-field-radio-1-label-3\" for=\"forminator-field-radio-1-3-69d11d3c572d1\" class=\"forminator-radio\" title=\"Pi\u00e8ces manquantes\"><input type=\"radio\" name=\"radio-1\" value=\"Fehlende-Teile\" id=\"forminator-field-radio-1-3-69d11d3c572d1\" aria-labelledby=\"forminator-field-radio-1-label-3\" data-calculation=\"0\"   data-hidden-behavior=\"zero\"\/><span class=\"forminator-radio-bullet\" aria-hidden=\"true\"><\/span><span class=\"forminator-radio-label\">Pi\u00e8ces manquantes<\/span><\/label><label id=\"forminator-field-radio-1-label-4\" for=\"forminator-field-radio-1-4-69d11d3c572d1\" class=\"forminator-radio\" title=\"Autre\"><input type=\"radio\" name=\"radio-1\" value=\"Andere\" id=\"forminator-field-radio-1-4-69d11d3c572d1\" aria-labelledby=\"forminator-field-radio-1-label-4\" data-calculation=\"0\"   data-hidden-behavior=\"zero\"\/><span class=\"forminator-radio-bullet\" aria-hidden=\"true\"><\/span><span class=\"forminator-radio-label\">Autre<\/span><\/label><\/div><\/div><\/div><div class=\"forminator-row\"><div id=\"radio-2\" class=\"forminator-field-radio forminator-col forminator-col-12 \"><div role=\"radiogroup\" class=\"forminator-field\" aria-labelledby=\"forminator-radiogroup-radio-2-69d11d3c572d1-label\"><span id=\"forminator-radiogroup-radio-2-69d11d3c572d1-label\" class=\"forminator-label\">Solution souhait\u00e9e <span class=\"forminator-required\">*<\/span><\/span><label id=\"forminator-field-radio-2-label-1\" for=\"forminator-field-radio-2-1-69d11d3c572d1\" class=\"forminator-radio\" title=\"Renvoi de remplacement\"><input type=\"radio\" name=\"radio-2\" value=\"one\" id=\"forminator-field-radio-2-1-69d11d3c572d1\" aria-labelledby=\"forminator-field-radio-2-label-1\" data-calculation=\"0\"   data-hidden-behavior=\"zero\"\/><span class=\"forminator-radio-bullet\" aria-hidden=\"true\"><\/span><span class=\"forminator-radio-label\">Renvoi de remplacement<\/span><\/label><label id=\"forminator-field-radio-2-label-2\" for=\"forminator-field-radio-2-2-69d11d3c572d1\" class=\"forminator-radio\" title=\"R\u00e9duction\"><input type=\"radio\" name=\"radio-2\" value=\"two\" id=\"forminator-field-radio-2-2-69d11d3c572d1\" aria-labelledby=\"forminator-field-radio-2-label-2\" data-calculation=\"0\"   data-hidden-behavior=\"zero\"\/><span class=\"forminator-radio-bullet\" aria-hidden=\"true\"><\/span><span class=\"forminator-radio-label\">R\u00e9duction<\/span><\/label><label id=\"forminator-field-radio-2-label-3\" for=\"forminator-field-radio-2-3-69d11d3c572d1\" class=\"forminator-radio\" title=\"Remboursement et retour\"><input type=\"radio\" name=\"radio-2\" value=\"Fehlende-Teile\" id=\"forminator-field-radio-2-3-69d11d3c572d1\" aria-labelledby=\"forminator-field-radio-2-label-3\" data-calculation=\"0\"   data-hidden-behavior=\"zero\"\/><span class=\"forminator-radio-bullet\" aria-hidden=\"true\"><\/span><span class=\"forminator-radio-label\">Remboursement et retour<\/span><\/label><\/div><\/div><\/div><div class=\"forminator-row\"><div id=\"name-3\" class=\"forminator-field-name forminator-col forminator-col-6 \"><div class=\"forminator-field\"><label for=\"forminator-field-name-3_69d11d3c572d1\" id=\"forminator-field-name-3_69d11d3c572d1-label\" class=\"forminator-label\">Num\u00e9ro de commande <span class=\"forminator-required\">*<\/span><\/label><input type=\"text\" name=\"name-3\" value=\"\" placeholder=\"\" id=\"forminator-field-name-3_69d11d3c572d1\" class=\"forminator-input forminator-name--field\" aria-required=\"true\" autocomplete=\"name\" \/><\/div><\/div><div id=\"text-1\" class=\"forminator-field-text forminator-col forminator-col-6 \"><div class=\"forminator-field\"><label for=\"forminator-field-text-1_69d11d3c572d1\" id=\"forminator-field-text-1_69d11d3c572d1-label\" class=\"forminator-label\">Remarques<\/label><input type=\"text\" name=\"text-1\" value=\"\" placeholder=\"\" id=\"forminator-field-text-1_69d11d3c572d1\" class=\"forminator-input forminator-name--field\" data-required=\"\" \/><\/div><\/div><\/div><div class=\"forminator-row\"><div id=\"name-1\" class=\"forminator-field-name forminator-col forminator-col-6 \"><div class=\"forminator-field\"><label for=\"forminator-field-name-1_69d11d3c572d1\" id=\"forminator-field-name-1_69d11d3c572d1-label\" class=\"forminator-label\">Pr\u00e9nom <span class=\"forminator-required\">*<\/span><\/label><input type=\"text\" name=\"name-1\" value=\"\" placeholder=\"\" id=\"forminator-field-name-1_69d11d3c572d1\" class=\"forminator-input forminator-name--field\" aria-required=\"true\" autocomplete=\"name\" \/><\/div><\/div><div id=\"name-2\" class=\"forminator-field-name forminator-col forminator-col-6 \"><div class=\"forminator-field\"><label for=\"forminator-field-name-2_69d11d3c572d1\" id=\"forminator-field-name-2_69d11d3c572d1-label\" class=\"forminator-label\">Nom <span class=\"forminator-required\">*<\/span><\/label><input type=\"text\" name=\"name-2\" value=\"\" placeholder=\"\" id=\"forminator-field-name-2_69d11d3c572d1\" class=\"forminator-input forminator-name--field\" aria-required=\"true\" autocomplete=\"name\" \/><\/div><\/div><\/div><div class=\"forminator-row\"><div id=\"email-1\" class=\"forminator-field-email forminator-col forminator-col-12 \"><div class=\"forminator-field\"><label for=\"forminator-field-email-1_69d11d3c572d1\" id=\"forminator-field-email-1_69d11d3c572d1-label\" class=\"forminator-label\">E-Mail <span class=\"forminator-required\">*<\/span><\/label><input type=\"email\" name=\"email-1\" value=\"\" placeholder=\"\" id=\"forminator-field-email-1_69d11d3c572d1\" class=\"forminator-input forminator-email--field\" data-required=\"true\" aria-required=\"true\" autocomplete=\"email\" \/><\/div><\/div><\/div><div class=\"forminator-row\"><div id=\"upload-1\" class=\"forminator-field-upload forminator-col forminator-col-12 \"><div class=\"forminator-field\"><label for=\"forminator-field-upload-1_69d11d3c572d1\" id=\"forminator-field-upload-1_69d11d3c572d1-label\" class=\"forminator-label\">Photos\/Pi\u00e8ces jointes<\/label><div class=\"forminator-file-upload \" data-element=\"upload-1_69d11d3c572d1\"><input type=\"file\" name=\"upload-1\" id=\"forminator-field-upload-1_69d11d3c572d1\" class=\"forminator-input-file\" accept=\".avif,.jpg,.jpeg,.jpe,.png,.webp,.xcf,.heic,.doc,.docx,.pdf,.gif\" tabindex=\"-1\"><button id=\"forminator-field-upload-1_69d11d3c572d1_button\" class=\"forminator-button forminator-button-upload\" data-id=\"forminator-field-upload-1_69d11d3c572d1\">Choisissez un fichier<\/button><span data-empty-text=\"Aucun fichier s\u00e9lectionn\u00e9\">Aucun fichier s\u00e9lectionn\u00e9<\/span><button class=\"forminator-button-delete\" style=\"display: none;\"><i class=\"forminator-icon-close\" aria-hidden=\"true\"><\/i><span class=\"forminator-screen-reader-only\">Supprimer le fichier t\u00e9l\u00e9vers\u00e9<\/span><\/button><\/div><\/div><\/div><\/div><div class=\"forminator-row\"><div id=\"consent-1\" class=\"forminator-field-consent forminator-col forminator-col-12 \"><div class=\"forminator-field\"><label for=\"forminator-field-consent-1_69d11d3c572d1\" id=\"forminator-field-consent-1_69d11d3c572d1-label\" class=\"forminator-label\">Accord <span class=\"forminator-required\">*<\/span><\/label><div class=\"forminator-checkbox__wrapper\"><label id=\"forminator-field-consent-1_69d11d3c572d1__label\" class=\"forminator-checkbox forminator-consent\"><input type=\"checkbox\" name=\"consent-1\" id=\"forminator-field-consent-1_69d11d3c572d1\" value=\"checked\" aria-labelledby=\"forminator-field-consent-1_69d11d3c572d1-label\" aria-describedby=\"forminator-field-consent-1_69d11d3c572d1__description\" data-required=\"true\" aria-required=\"true\" \/><span class=\"forminator-checkbox-box\" aria-hidden=\"true\"><\/span><\/label><div id=\"forminator-field-consent-1_69d11d3c572d1__description\" class=\"forminator-checkbox__label forminator-consent__label\"><p>J'accepte la politique de confidentialit\u00e9 et les conditions g\u00e9n\u00e9rales.<\/p><\/div><\/div><\/div><\/div><\/div><input type=\"hidden\" name=\"referer_url\" value=\"\" \/><div class=\"forminator-row forminator-row-last\"><div class=\"forminator-col\"><div class=\"forminator-field\"><button class=\"forminator-button forminator-button-submit\">Envoyer le message<\/button><\/div><\/div><\/div><input type=\"hidden\" id=\"forminator_nonce\" name=\"forminator_nonce\" value=\"526af823ae\" \/><input type=\"hidden\" name=\"_wp_http_referer\" value=\"\/fr\/wp-json\/wp\/v2\/pages\/2159\" \/><input type=\"hidden\" name=\"form_id\" value=\"2170\"><input type=\"hidden\" name=\"page_id\" value=\"2159\"><input type=\"hidden\" name=\"form_type\" value=\"default\"><input type=\"hidden\" name=\"current_url\" value=\"https:\/\/pureliving-online.de\/fr\/contact-sapin-de-noel\/\"><input type=\"hidden\" name=\"render_id\" value=\"0\"><input type=\"hidden\" name=\"action\" value=\"forminator_submit_form_custom-forms\"><\/form>\n<p><strong>Support t\u00e9l\u00e9phonique<\/strong><br \/>T\u00e9l\u00e9phone : <a href=\"tel:+4945418404157\">+49<span>(4541) 8404157<\/span><\/a><br \/>Du lundi au vendredi : 9h00 &#8211; 18h00<\/p>\n<p><strong>Assistance par courrier \u00e9lectronique<\/strong><br \/>E-mail : <span><a href=\"mailto:hello@pureliving-online.de\">hello@pureliving-online.de<\/a><\/span><\/p>\n<p>[\/et_pb_text][\/et_pb_column][\/et_pb_row][\/et_pb_section]<\/p>\n","protected":false},"excerpt":{"rendered":"<p>Nous vous aidons, c&rsquo;est promis ! Notre \u00e9quipe du service client est pr\u00eate \u00e0 vous aider rapidement et facilement. Veuillez utiliser l&rsquo;un des moyens de contact ci-dessous. Nous traiterons votre demande dans les plus brefs d\u00e9lais. &nbsp; De quoi s&rsquo;agit-il ?Vous pouvez \u00e9galement nous contacter de la mani\u00e8re suivante Pour nous permettre de vous aider [&hellip;]<\/p>\n","protected":false},"author":2,"featured_media":0,"parent":0,"menu_order":0,"comment_status":"closed","ping_status":"closed","template":"","meta":{"_acf_changed":false,"_et_pb_use_builder":"on","_et_pb_old_content":"","_et_gb_content_width":"","footnotes":""},"class_list":["post-2159","page","type-page","status-publish","hentry"],"acf":[],"yoast_head":"<!-- This site is optimized with the Yoast SEO plugin v27.3 - https:\/\/yoast.com\/product\/yoast-seo-wordpress\/ -->\n<title>Contact Sapin de No\u00ebl - Pure Living<\/title>\n<meta name=\"robots\" content=\"index, follow, max-snippet:-1, max-image-preview:large, max-video-preview:-1\" \/>\n<link rel=\"canonical\" href=\"https:\/\/pureliving-online.de\/kontakt-weihnachtsbaum\/\" \/>\n<meta property=\"og:locale\" content=\"fr_FR\" \/>\n<meta property=\"og:type\" content=\"article\" \/>\n<meta property=\"og:title\" content=\"Contact Sapin de No\u00ebl - Pure Living\" \/>\n<meta property=\"og:description\" content=\"Nous vous aidons, c&#039;est promis ! Notre \u00e9quipe du service client est pr\u00eate \u00e0 vous aider rapidement et facilement. Veuillez utiliser l&#039;un des moyens de contact ci-dessous. Nous traiterons votre demande dans les plus brefs d\u00e9lais. &nbsp; De quoi s&#039;agit-il ?Vous pouvez \u00e9galement nous contacter de la mani\u00e8re suivante Pour nous permettre de vous aider [&hellip;]\" \/>\n<meta property=\"og:url\" content=\"https:\/\/pureliving-online.de\/kontakt-weihnachtsbaum\/\" \/>\n<meta property=\"og:site_name\" content=\"Pure Living\" \/>\n<meta property=\"article:modified_time\" content=\"2025-01-24T14:06:37+00:00\" \/>\n<meta name=\"twitter:card\" content=\"summary_large_image\" \/>\n<meta name=\"twitter:label1\" content=\"Dur\u00e9e de lecture estim\u00e9e\" \/>\n\t<meta name=\"twitter:data1\" content=\"2 minutes\" \/>\n<script type=\"application\/ld+json\" class=\"yoast-schema-graph\">{\"@context\":\"https:\\\/\\\/schema.org\",\"@graph\":[{\"@type\":\"WebPage\",\"@id\":\"https:\\\/\\\/pureliving-online.de\\\/kontakt-weihnachtsbaum\\\/\",\"url\":\"https:\\\/\\\/pureliving-online.de\\\/kontakt-weihnachtsbaum\\\/\",\"name\":\"Contact Sapin de No\u00ebl - Pure Living\",\"isPartOf\":{\"@id\":\"https:\\\/\\\/pureliving-online.de\\\/#website\"},\"datePublished\":\"2024-06-25T11:51:58+00:00\",\"dateModified\":\"2025-01-24T14:06:37+00:00\",\"breadcrumb\":{\"@id\":\"https:\\\/\\\/pureliving-online.de\\\/kontakt-weihnachtsbaum\\\/#breadcrumb\"},\"inLanguage\":\"fr-FR\",\"potentialAction\":[{\"@type\":\"ReadAction\",\"target\":[\"https:\\\/\\\/pureliving-online.de\\\/kontakt-weihnachtsbaum\\\/\"]}]},{\"@type\":\"BreadcrumbList\",\"@id\":\"https:\\\/\\\/pureliving-online.de\\\/kontakt-weihnachtsbaum\\\/#breadcrumb\",\"itemListElement\":[{\"@type\":\"ListItem\",\"position\":1,\"name\":\"Startseite\",\"item\":\"https:\\\/\\\/pureliving-online.de\\\/fr\\\/lancement\\\/\"},{\"@type\":\"ListItem\",\"position\":2,\"name\":\"Contact Sapin de No\u00ebl\"}]},{\"@type\":\"WebSite\",\"@id\":\"https:\\\/\\\/pureliving-online.de\\\/#website\",\"url\":\"https:\\\/\\\/pureliving-online.de\\\/\",\"name\":\"Pure Living\",\"description\":\"Interior Design \",\"potentialAction\":[{\"@type\":\"SearchAction\",\"target\":{\"@type\":\"EntryPoint\",\"urlTemplate\":\"https:\\\/\\\/pureliving-online.de\\\/?s={search_term_string}\"},\"query-input\":{\"@type\":\"PropertyValueSpecification\",\"valueRequired\":true,\"valueName\":\"search_term_string\"}}],\"inLanguage\":\"fr-FR\"}]}<\/script>\n<!-- \/ Yoast SEO plugin. -->","yoast_head_json":{"title":"Contact Sapin de No\u00ebl - Pure Living","robots":{"index":"index","follow":"follow","max-snippet":"max-snippet:-1","max-image-preview":"max-image-preview:large","max-video-preview":"max-video-preview:-1"},"canonical":"https:\/\/pureliving-online.de\/kontakt-weihnachtsbaum\/","og_locale":"fr_FR","og_type":"article","og_title":"Contact Sapin de No\u00ebl - Pure Living","og_description":"Nous vous aidons, c'est promis ! Notre \u00e9quipe du service client est pr\u00eate \u00e0 vous aider rapidement et facilement. Veuillez utiliser l'un des moyens de contact ci-dessous. Nous traiterons votre demande dans les plus brefs d\u00e9lais. &nbsp; De quoi s'agit-il ?Vous pouvez \u00e9galement nous contacter de la mani\u00e8re suivante Pour nous permettre de vous aider [&hellip;]","og_url":"https:\/\/pureliving-online.de\/kontakt-weihnachtsbaum\/","og_site_name":"Pure Living","article_modified_time":"2025-01-24T14:06:37+00:00","twitter_card":"summary_large_image","twitter_misc":{"Dur\u00e9e de lecture estim\u00e9e":"2 minutes"},"schema":{"@context":"https:\/\/schema.org","@graph":[{"@type":"WebPage","@id":"https:\/\/pureliving-online.de\/kontakt-weihnachtsbaum\/","url":"https:\/\/pureliving-online.de\/kontakt-weihnachtsbaum\/","name":"Contact Sapin de No\u00ebl - Pure Living","isPartOf":{"@id":"https:\/\/pureliving-online.de\/#website"},"datePublished":"2024-06-25T11:51:58+00:00","dateModified":"2025-01-24T14:06:37+00:00","breadcrumb":{"@id":"https:\/\/pureliving-online.de\/kontakt-weihnachtsbaum\/#breadcrumb"},"inLanguage":"fr-FR","potentialAction":[{"@type":"ReadAction","target":["https:\/\/pureliving-online.de\/kontakt-weihnachtsbaum\/"]}]},{"@type":"BreadcrumbList","@id":"https:\/\/pureliving-online.de\/kontakt-weihnachtsbaum\/#breadcrumb","itemListElement":[{"@type":"ListItem","position":1,"name":"Startseite","item":"https:\/\/pureliving-online.de\/fr\/lancement\/"},{"@type":"ListItem","position":2,"name":"Contact Sapin de No\u00ebl"}]},{"@type":"WebSite","@id":"https:\/\/pureliving-online.de\/#website","url":"https:\/\/pureliving-online.de\/","name":"Pure Living","description":"Interior Design ","potentialAction":[{"@type":"SearchAction","target":{"@type":"EntryPoint","urlTemplate":"https:\/\/pureliving-online.de\/?s={search_term_string}"},"query-input":{"@type":"PropertyValueSpecification","valueRequired":true,"valueName":"search_term_string"}}],"inLanguage":"fr-FR"}]}},"_links":{"self":[{"href":"https:\/\/pureliving-online.de\/fr\/wp-json\/wp\/v2\/pages\/2159","targetHints":{"allow":["GET"]}}],"collection":[{"href":"https:\/\/pureliving-online.de\/fr\/wp-json\/wp\/v2\/pages"}],"about":[{"href":"https:\/\/pureliving-online.de\/fr\/wp-json\/wp\/v2\/types\/page"}],"author":[{"embeddable":true,"href":"https:\/\/pureliving-online.de\/fr\/wp-json\/wp\/v2\/users\/2"}],"replies":[{"embeddable":true,"href":"https:\/\/pureliving-online.de\/fr\/wp-json\/wp\/v2\/comments?post=2159"}],"version-history":[{"count":3,"href":"https:\/\/pureliving-online.de\/fr\/wp-json\/wp\/v2\/pages\/2159\/revisions"}],"predecessor-version":[{"id":2171,"href":"https:\/\/pureliving-online.de\/fr\/wp-json\/wp\/v2\/pages\/2159\/revisions\/2171"}],"wp:attachment":[{"href":"https:\/\/pureliving-online.de\/fr\/wp-json\/wp\/v2\/media?parent=2159"}],"curies":[{"name":"wp","href":"https:\/\/api.w.org\/{rel}","templated":true}]}}